{"id":665,"date":"2023-09-26T11:18:16","date_gmt":"2023-09-26T11:18:16","guid":{"rendered":"https:\/\/franciscopoyato.com\/index.php\/our-services\/"},"modified":"2024-02-11T22:11:03","modified_gmt":"2024-02-11T22:11:03","slug":"actividad-pedagogica","status":"publish","type":"page","link":"https:\/\/franciscopoyato.com\/es\/actividad-pedagogica\/","title":{"rendered":"Actividad pedag\u00f3gica"},"content":{"rendered":"\t\t<div data-elementor-type=\"wp-page\" data-elementor-id=\"665\" class=\"elementor elementor-665\" data-elementor-post-type=\"page\">\n\t\t\t\t<div class=\"elementor-element elementor-element-8cfa1c3 e-flex e-con-boxed e-con e-parent\" data-id=\"8cfa1c3\" data-element_type=\"container\">\n\t\t\t\t\t<div class=\"e-con-inner\">\n\t\t<div class=\"elementor-element elementor-element-33ba817 e-con-full e-flex e-con e-child\" data-id=\"33ba817\" data-element_type=\"container\">\n\t\t\t\t<div class=\"elementor-element elementor-element-dcb1fb8 elementor-widget elementor-widget-text-editor\" data-id=\"dcb1fb8\" data-element_type=\"widget\" data-widget_type=\"text-editor.default\">\n\t\t\t\t<div class=\"elementor-widget-container\">\n\t\t\t<style>\/*! elementor - v3.22.0 - 26-06-2024 *\/\n.elementor-widget-text-editor.elementor-drop-cap-view-stacked .elementor-drop-cap{background-color:#69727d;color:#fff}.elementor-widget-text-editor.elementor-drop-cap-view-framed .elementor-drop-cap{color:#69727d;border:3px solid;background-color:transparent}.elementor-widget-text-editor:not(.elementor-drop-cap-view-default) .elementor-drop-cap{margin-top:8px}.elementor-widget-text-editor:not(.elementor-drop-cap-view-default) .elementor-drop-cap-letter{width:1em;height:1em}.elementor-widget-text-editor .elementor-drop-cap{float:left;text-align:center;line-height:1;font-size:50px}.elementor-widget-text-editor .elementor-drop-cap-letter{display:inline-block}<\/style>\t\t\t\t<p><span style=\"font-weight: 400;\">La relaci\u00f3n con otras personas apasionadas por la m\u00fasica y por el lied es, junto con los conciertos, lo que mantiene la luz en mis ojos y da sentido a la necesidad de compartir y de crecer conjuntamente en el descubrimiento de la riqueza tanto de las obras como de nosotros mismos como int\u00e9rpretes. Este af\u00e1n por compartir me ha conducido desde muy joven a la actividad pedag\u00f3gica, una de las fuentes de alegr\u00eda de mi d\u00eda a d\u00eda como m\u00fasico y persona.\u00a0<\/span><\/p>\t\t\t\t\t\t<\/div>\n\t\t\t\t<\/div>\n\t\t\t\t<div class=\"elementor-element elementor-element-705f87c elementor-widget elementor-widget-heading\" data-id=\"705f87c\" data-element_type=\"widget\" data-widget_type=\"heading.default\">\n\t\t\t\t<div class=\"elementor-widget-container\">\n\t\t\t<style>\/*! elementor - v3.22.0 - 26-06-2024 *\/\n.elementor-heading-title{padding:0;margin:0;line-height:1}.elementor-widget-heading .elementor-heading-title[class*=elementor-size-]>a{color:inherit;font-size:inherit;line-height:inherit}.elementor-widget-heading .elementor-heading-title.elementor-size-small{font-size:15px}.elementor-widget-heading .elementor-heading-title.elementor-size-medium{font-size:19px}.elementor-widget-heading .elementor-heading-title.elementor-size-large{font-size:29px}.elementor-widget-heading .elementor-heading-title.elementor-size-xl{font-size:39px}.elementor-widget-heading .elementor-heading-title.elementor-size-xxl{font-size:59px}<\/style><h2 class=\"elementor-heading-title elementor-size-default\">Hasta ahora he tenido la suerte de ejercer la pedagog\u00eda de las siguientes maneras:<\/h2>\t\t<\/div>\n\t\t\t\t<\/div>\n\t\t\t\t<div class=\"elementor-element elementor-element-81d5a67 elementor-widget elementor-widget-text-editor\" data-id=\"81d5a67\" data-element_type=\"widget\" data-widget_type=\"text-editor.default\">\n\t\t\t\t<div class=\"elementor-widget-container\">\n\t\t\t\t\t\t\t<ul><li><span style=\"font-weight: 400;\">Des del a\u00f1o 1994 al 2001, como profesor de repertorio del departamento de canto del Mozarteum de Salzburgo.<\/span><\/li><li><span style=\"font-weight: 400;\">Creador, junto con la soprano Assumpta Mateu, de los cursos de lied para cantantes y pianistas Paper de M\u00fasica de Capellades. <\/span><span style=\"font-weight: 400;\">Entre el 2000 y el 2013 compart\u00ed docencia con\u00a0 Assumpta Mateu, Mitsuko Shirai, Ruth Ziesak, Herv\u00e9 Baunard, etc. <\/span><\/li><li>Impulsor, junto con la soprano Assumpta Mateu, de los estudios de lied para cantantes y pianistas en la Escola Superior de M\u00fasica de Catalunya. Profesor de lied y m\u00fasica de c\u00e1mara instrumental desde su fundaci\u00f3n en el 2001 hasta la actualidad.<\/li><li>Impulsor del Master de lied para cantantes y pianistas \u00b4Victoria de los \u00c1ngeles&#8217; de la Escola Superior de M\u00fasica de Catalunya. Profesor de interpretaci\u00f3n del Master desde sus inicios, en 2015, hasta la actualidad.<\/li><li>Profesor de lied de la Hochschule f\u00fcr Musik de Karlsruhe, durante el curso 2014\/15.<\/li><li>Cursos de canci\u00f3n, en la Hochschule Hans Eisler de Berlin y en la Hochschule f\u00fcr Musik de Karlsruhe, invitado por Wolfram Rieger y Hartmut H\u00f6ll &#8211; Mitsuko Shirai respectivamente.<\/li><li>Cursos de m\u00fasica como vivencia para j\u00f3venes cantantes y pianistas, junto con Lluis Vilamaj\u00f3, en Sevilla, Granada y Zaragoza.<\/li><li>Asesor de la Capella Reial de Catalunya en la Pasi\u00f3n seg\u00fan San Mateo (2019).<\/li><li>Ponencia sobre lied en el Encuentro Internacional de Pianistas Repertoristas, celebrado en Santiago de Compostela, en septiembre del 2023.<\/li><li>Actualmente ejerzo como profesor de interpretaci\u00f3n de lied en la Escola Superior de M\u00fasica de Catalunya. <a href=\"https:\/\/www.esmuc.cat\/es\/estudios\/masters-i-postgraus\/master-oficial-de-lied-victoria-de-los-angeles\/\" target=\"_blank\" rel=\"noopener\">Master de lied de Esmuc &#8216;Victoria de los \u00c1ngeles&#8217;.<\/a><\/li><\/ul>\t\t\t\t\t\t<\/div>\n\t\t\t\t<\/div>\n\t\t\t\t<\/div>\n\t\t<div class=\"elementor-element elementor-element-9a2018b e-con-full e-flex e-con e-child\" data-id=\"9a2018b\" data-element_type=\"container\">\n\t\t<div class=\"elementor-element elementor-element-a40dd12 e-con-full e-flex e-con e-child\" data-id=\"a40dd12\" data-element_type=\"container\">\n\t\t\t\t<div class=\"elementor-element elementor-element-09866ea elementor-widget elementor-widget-image\" data-id=\"09866ea\" data-element_type=\"widget\" data-widget_type=\"image.default\">\n\t\t\t\t<div class=\"elementor-widget-container\">\n\t\t\t<style>\/*! elementor - v3.22.0 - 26-06-2024 *\/\n.elementor-widget-image{text-align:center}.elementor-widget-image a{display:inline-block}.elementor-widget-image a img[src$=\".svg\"]{width:48px}.elementor-widget-image img{vertical-align:middle;display:inline-block}<\/style>\t\t\t\t\t\t\t<figure class=\"wp-caption\">\n\t\t\t\t\t\t\t\t\t\t<img fetchpriority=\"high\" decoding=\"async\" width=\"2048\" height=\"2048\" src=\"https:\/\/franciscopoyato.com\/wp-content\/uploads\/2023\/11\/Frame-5-2048x2048.jpg\" class=\"attachment-2048x2048 size-2048x2048 wp-image-2763\" alt=\"francisco poyato escuchando\" srcset=\"https:\/\/franciscopoyato.com\/wp-content\/uploads\/2023\/11\/Frame-5-2048x2048.jpg 2048w, https:\/\/franciscopoyato.com\/wp-content\/uploads\/2023\/11\/Frame-5-300x300.jpg 300w, https:\/\/franciscopoyato.com\/wp-content\/uploads\/2023\/11\/Frame-5-1024x1024.jpg 1024w, https:\/\/franciscopoyato.com\/wp-content\/uploads\/2023\/11\/Frame-5-150x150.jpg 150w, https:\/\/franciscopoyato.com\/wp-content\/uploads\/2023\/11\/Frame-5-768x768.jpg 768w, https:\/\/franciscopoyato.com\/wp-content\/uploads\/2023\/11\/Frame-5-1536x1536.jpg 1536w\" sizes=\"(max-width: 2048px) 100vw, 2048px\" \/>\t\t\t\t\t\t\t\t\t\t\t<figcaption class=\"widget-image-caption wp-caption-text\"><\/figcaption>\n\t\t\t\t\t\t\t\t\t\t<\/figure>\n\t\t\t\t\t\t\t<\/div>\n\t\t\t\t<\/div>\n\t\t<div class=\"elementor-element elementor-element-68bbee4 e-con-full e-flex e-con e-child\" data-id=\"68bbee4\" data-element_type=\"container\">\n\t\t\t\t<div class=\"elementor-element elementor-element-cbde5d3 elementor-widget__width-initial elementor-widget-mobile__width-initial elementor-widget elementor-widget-image\" data-id=\"cbde5d3\" data-element_type=\"widget\" data-widget_type=\"image.default\">\n\t\t\t\t<div class=\"elementor-widget-container\">\n\t\t\t\t\t\t\t\t\t\t\t\t\t<img decoding=\"async\" width=\"800\" height=\"534\" src=\"https:\/\/franciscopoyato.com\/wp-content\/uploads\/2023\/09\/LLSARRIA-336-RET2-1024x683.jpg\" class=\"attachment-large size-large wp-image-984\" alt=\"Francisco Poyato tocando el piano\" srcset=\"https:\/\/franciscopoyato.com\/wp-content\/uploads\/2023\/09\/LLSARRIA-336-RET2-1024x683.jpg 1024w, https:\/\/franciscopoyato.com\/wp-content\/uploads\/2023\/09\/LLSARRIA-336-RET2-300x200.jpg 300w, https:\/\/franciscopoyato.com\/wp-content\/uploads\/2023\/09\/LLSARRIA-336-RET2-768x512.jpg 768w, https:\/\/franciscopoyato.com\/wp-content\/uploads\/2023\/09\/LLSARRIA-336-RET2-1536x1024.jpg 1536w, https:\/\/franciscopoyato.com\/wp-content\/uploads\/2023\/09\/LLSARRIA-336-RET2-2048x1365.jpg 2048w\" sizes=\"(max-width: 800px) 100vw, 800px\" \/>\t\t\t\t\t\t\t\t\t\t\t\t\t<\/div>\n\t\t\t\t<\/div>\n\t\t\t\t<\/div>\n\t\t\t\t<\/div>\n\t\t\t\t<\/div>\n\t\t\t\t\t<\/div>\n\t\t\t\t<\/div>\n\t\t<div class=\"elementor-element elementor-element-f463ce9 e-flex e-con-boxed e-con e-parent\" data-id=\"f463ce9\" data-element_type=\"container\">\n\t\t\t\t\t<div class=\"e-con-inner\">\n\t\t\t\t<div class=\"elementor-element elementor-element-a4d4b15 elementor-widget-divider--view-line elementor-widget elementor-widget-divider\" data-id=\"a4d4b15\" data-element_type=\"widget\" data-widget_type=\"divider.default\">\n\t\t\t\t<div class=\"elementor-widget-container\">\n\t\t\t<style>\/*! elementor - v3.22.0 - 26-06-2024 *\/\n.elementor-widget-divider{--divider-border-style:none;--divider-border-width:1px;--divider-color:#0c0d0e;--divider-icon-size:20px;--divider-element-spacing:10px;--divider-pattern-height:24px;--divider-pattern-size:20px;--divider-pattern-url:none;--divider-pattern-repeat:repeat-x}.elementor-widget-divider .elementor-divider{display:flex}.elementor-widget-divider .elementor-divider__text{font-size:15px;line-height:1;max-width:95%}.elementor-widget-divider .elementor-divider__element{margin:0 var(--divider-element-spacing);flex-shrink:0}.elementor-widget-divider .elementor-icon{font-size:var(--divider-icon-size)}.elementor-widget-divider .elementor-divider-separator{display:flex;margin:0;direction:ltr}.elementor-widget-divider--view-line_icon .elementor-divider-separator,.elementor-widget-divider--view-line_text .elementor-divider-separator{align-items:center}.elementor-widget-divider--view-line_icon .elementor-divider-separator:after,.elementor-widget-divider--view-line_icon .elementor-divider-separator:before,.elementor-widget-divider--view-line_text .elementor-divider-separator:after,.elementor-widget-divider--view-line_text .elementor-divider-separator:before{display:block;content:\"\";border-block-end:0;flex-grow:1;border-block-start:var(--divider-border-width) var(--divider-border-style) var(--divider-color)}.elementor-widget-divider--element-align-left .elementor-divider .elementor-divider-separator>.elementor-divider__svg:first-of-type{flex-grow:0;flex-shrink:100}.elementor-widget-divider--element-align-left .elementor-divider-separator:before{content:none}.elementor-widget-divider--element-align-left .elementor-divider__element{margin-left:0}.elementor-widget-divider--element-align-right .elementor-divider .elementor-divider-separator>.elementor-divider__svg:last-of-type{flex-grow:0;flex-shrink:100}.elementor-widget-divider--element-align-right .elementor-divider-separator:after{content:none}.elementor-widget-divider--element-align-right .elementor-divider__element{margin-right:0}.elementor-widget-divider--element-align-start .elementor-divider .elementor-divider-separator>.elementor-divider__svg:first-of-type{flex-grow:0;flex-shrink:100}.elementor-widget-divider--element-align-start .elementor-divider-separator:before{content:none}.elementor-widget-divider--element-align-start .elementor-divider__element{margin-inline-start:0}.elementor-widget-divider--element-align-end .elementor-divider .elementor-divider-separator>.elementor-divider__svg:last-of-type{flex-grow:0;flex-shrink:100}.elementor-widget-divider--element-align-end .elementor-divider-separator:after{content:none}.elementor-widget-divider--element-align-end .elementor-divider__element{margin-inline-end:0}.elementor-widget-divider:not(.elementor-widget-divider--view-line_text):not(.elementor-widget-divider--view-line_icon) .elementor-divider-separator{border-block-start:var(--divider-border-width) var(--divider-border-style) var(--divider-color)}.elementor-widget-divider--separator-type-pattern{--divider-border-style:none}.elementor-widget-divider--separator-type-pattern.elementor-widget-divider--view-line .elementor-divider-separator,.elementor-widget-divider--separator-type-pattern:not(.elementor-widget-divider--view-line) .elementor-divider-separator:after,.elementor-widget-divider--separator-type-pattern:not(.elementor-widget-divider--view-line) .elementor-divider-separator:before,.elementor-widget-divider--separator-type-pattern:not([class*=elementor-widget-divider--view]) .elementor-divider-separator{width:100%;min-height:var(--divider-pattern-height);-webkit-mask-size:var(--divider-pattern-size) 100%;mask-size:var(--divider-pattern-size) 100%;-webkit-mask-repeat:var(--divider-pattern-repeat);mask-repeat:var(--divider-pattern-repeat);background-color:var(--divider-color);-webkit-mask-image:var(--divider-pattern-url);mask-image:var(--divider-pattern-url)}.elementor-widget-divider--no-spacing{--divider-pattern-size:auto}.elementor-widget-divider--bg-round{--divider-pattern-repeat:round}.rtl .elementor-widget-divider .elementor-divider__text{direction:rtl}.e-con-inner>.elementor-widget-divider,.e-con>.elementor-widget-divider{width:var(--container-widget-width,100%);--flex-grow:var(--container-widget-flex-grow)}<\/style>\t\t<div class=\"elementor-divider\">\n\t\t\t<span class=\"elementor-divider-separator\">\n\t\t\t\t\t\t<\/span>\n\t\t<\/div>\n\t\t\t\t<\/div>\n\t\t\t\t<\/div>\n\t\t\t\t<div class=\"elementor-element elementor-element-b4a7cc2 elementor-widget elementor-widget-heading\" data-id=\"b4a7cc2\" data-element_type=\"widget\" data-widget_type=\"heading.default\">\n\t\t\t\t<div class=\"elementor-widget-container\">\n\t\t\t<h2 class=\"elementor-heading-title elementor-size-default\">Propuestas pedag\u00f3gicas<\/h2>\t\t<\/div>\n\t\t\t\t<\/div>\n\t\t\t\t<div class=\"elementor-element elementor-element-8f7ee40 elementor-align-center elementor-widget elementor-widget-button\" data-id=\"8f7ee40\" data-element_type=\"widget\" data-widget_type=\"button.default\">\n\t\t\t\t<div class=\"elementor-widget-container\">\n\t\t\t\t\t<div class=\"elementor-button-wrapper\">\n\t\t\t<a class=\"elementor-button elementor-button-link elementor-size-sm\" href=\"https:\/\/franciscopoyato.com\/wp-content\/uploads\/2023\/11\/Curso-de-lied-1.pdf\" target=\"_blank\" download=\"Curso-de-lied-1.pdf\">\n\t\t\t\t\t\t<span class=\"elementor-button-content-wrapper\">\n\t\t\t\t\t\t\t\t\t<span class=\"elementor-button-text\">Curso de lied para cantantes y pianistas<\/span>\n\t\t\t\t\t<\/span>\n\t\t\t\t\t<\/a>\n\t\t<\/div>\n\t\t\t\t<\/div>\n\t\t\t\t<\/div>\n\t\t\t\t<div class=\"elementor-element elementor-element-055456c elementor-widget-divider--view-line elementor-widget elementor-widget-divider\" data-id=\"055456c\" data-element_type=\"widget\" data-widget_type=\"divider.default\">\n\t\t\t\t<div class=\"elementor-widget-container\">\n\t\t\t\t\t<div class=\"elementor-divider\">\n\t\t\t<span class=\"elementor-divider-separator\">\n\t\t\t\t\t\t<\/span>\n\t\t<\/div>\n\t\t\t\t<\/div>\n\t\t\t\t<\/div>\n\t\t\t\t\t<\/div>\n\t\t\t\t<\/div>\n\t\t\t\t<\/div>\n\t\t","protected":false},"excerpt":{"rendered":"<p>La relaci\u00f3n con otras personas apasionadas por la m\u00fasica y por el lied es, junto con los conciertos, lo que mantiene la luz en mis ojos y da sentido a la necesidad de compartir y de crecer conjuntamente en el descubrimiento de la riqueza tanto de las obras como de nosotros mismos como int\u00e9rpretes. Este [&hellip;]<\/p>\n","protected":false},"author":1,"featured_media":0,"parent":0,"menu_order":0,"comment_status":"closed","ping_status":"closed","template":"","meta":{"footnotes":""},"yoast_head":"<!-- This site is optimized with the Yoast SEO plugin v23.0 - https:\/\/yoast.com\/wordpress\/plugins\/seo\/ -->\n<title>Actividad pedag\u00f3gica - Francisco Poyato<\/title>\n<meta name=\"robots\" content=\"index, follow, max-snippet:-1, max-image-preview:large, max-video-preview:-1\" \/>\n<link rel=\"canonical\" href=\"https:\/\/franciscopoyato.com\/es\/actividad-pedagogica\/\" \/>\n<meta property=\"og:locale\" content=\"es_ES\" \/>\n<meta property=\"og:type\" content=\"article\" \/>\n<meta property=\"og:title\" content=\"Actividad pedag\u00f3gica - Francisco Poyato\" \/>\n<meta property=\"og:description\" content=\"La relaci\u00f3n con otras personas apasionadas por la m\u00fasica y por el lied es, junto con los conciertos, lo que mantiene la luz en mis ojos y da sentido a la necesidad de compartir y de crecer conjuntamente en el descubrimiento de la riqueza tanto de las obras como de nosotros mismos como int\u00e9rpretes. Este [&hellip;]\" \/>\n<meta property=\"og:url\" content=\"https:\/\/franciscopoyato.com\/es\/actividad-pedagogica\/\" \/>\n<meta property=\"og:site_name\" content=\"Francisco Poyato\" \/>\n<meta property=\"article:modified_time\" content=\"2024-02-11T22:11:03+00:00\" \/>\n<meta property=\"og:image\" content=\"https:\/\/franciscopoyato.com\/wp-content\/uploads\/2023\/11\/Frame-5-2048x2048.jpg\" \/>\n<meta name=\"twitter:card\" content=\"summary_large_image\" \/>\n<meta name=\"twitter:label1\" content=\"Tiempo de lectura\" \/>\n\t<meta name=\"twitter:data1\" content=\"3 minutos\" \/>\n<script type=\"application\/ld+json\" class=\"yoast-schema-graph\">{\"@context\":\"https:\/\/schema.org\",\"@graph\":[{\"@type\":\"WebPage\",\"@id\":\"https:\/\/franciscopoyato.com\/es\/actividad-pedagogica\/\",\"url\":\"https:\/\/franciscopoyato.com\/es\/actividad-pedagogica\/\",\"name\":\"Actividad pedag\u00f3gica - Francisco Poyato\",\"isPartOf\":{\"@id\":\"https:\/\/franciscopoyato.com\/es\/#website\"},\"primaryImageOfPage\":{\"@id\":\"https:\/\/franciscopoyato.com\/es\/actividad-pedagogica\/#primaryimage\"},\"image\":{\"@id\":\"https:\/\/franciscopoyato.com\/es\/actividad-pedagogica\/#primaryimage\"},\"thumbnailUrl\":\"https:\/\/franciscopoyato.com\/wp-content\/uploads\/2023\/11\/Frame-5-2048x2048.jpg\",\"datePublished\":\"2023-09-26T11:18:16+00:00\",\"dateModified\":\"2024-02-11T22:11:03+00:00\",\"breadcrumb\":{\"@id\":\"https:\/\/franciscopoyato.com\/es\/actividad-pedagogica\/#breadcrumb\"},\"inLanguage\":\"es\",\"potentialAction\":[{\"@type\":\"ReadAction\",\"target\":[\"https:\/\/franciscopoyato.com\/es\/actividad-pedagogica\/\"]}]},{\"@type\":\"ImageObject\",\"inLanguage\":\"es\",\"@id\":\"https:\/\/franciscopoyato.com\/es\/actividad-pedagogica\/#primaryimage\",\"url\":\"https:\/\/franciscopoyato.com\/wp-content\/uploads\/2023\/11\/Frame-5-2048x2048.jpg\",\"contentUrl\":\"https:\/\/franciscopoyato.com\/wp-content\/uploads\/2023\/11\/Frame-5-2048x2048.jpg\"},{\"@type\":\"BreadcrumbList\",\"@id\":\"https:\/\/franciscopoyato.com\/es\/actividad-pedagogica\/#breadcrumb\",\"itemListElement\":[{\"@type\":\"ListItem\",\"position\":1,\"name\":\"Portada\",\"item\":\"https:\/\/franciscopoyato.com\/es\/\"},{\"@type\":\"ListItem\",\"position\":2,\"name\":\"Actividad pedag\u00f3gica\"}]},{\"@type\":\"WebSite\",\"@id\":\"https:\/\/franciscopoyato.com\/es\/#website\",\"url\":\"https:\/\/franciscopoyato.com\/es\/\",\"name\":\"Francisco Poyato\",\"description\":\"pianista \",\"publisher\":{\"@id\":\"https:\/\/franciscopoyato.com\/es\/#organization\"},\"potentialAction\":[{\"@type\":\"SearchAction\",\"target\":{\"@type\":\"EntryPoint\",\"urlTemplate\":\"https:\/\/franciscopoyato.com\/es\/?s={search_term_string}\"},\"query-input\":\"required name=search_term_string\"}],\"inLanguage\":\"es\"},{\"@type\":\"Organization\",\"@id\":\"https:\/\/franciscopoyato.com\/es\/#organization\",\"name\":\"Francisco Poyato\",\"url\":\"https:\/\/franciscopoyato.com\/es\/\",\"logo\":{\"@type\":\"ImageObject\",\"inLanguage\":\"es\",\"@id\":\"https:\/\/franciscopoyato.com\/es\/#\/schema\/logo\/image\/\",\"url\":\"https:\/\/franciscopoyato.com\/wp-content\/uploads\/2023\/11\/cropped-Foto-definitiva.-Sobre-mi-scaled-1.jpg\",\"contentUrl\":\"https:\/\/franciscopoyato.com\/wp-content\/uploads\/2023\/11\/cropped-Foto-definitiva.-Sobre-mi-scaled-1.jpg\",\"width\":1438,\"height\":1274,\"caption\":\"Francisco Poyato \"},\"image\":{\"@id\":\"https:\/\/franciscopoyato.com\/es\/#\/schema\/logo\/image\/\"}}]}<\/script>\n<!-- \/ Yoast SEO plugin. -->","yoast_head_json":{"title":"Actividad pedag\u00f3gica - Francisco Poyato","robots":{"index":"index","follow":"follow","max-snippet":"max-snippet:-1","max-image-preview":"max-image-preview:large","max-video-preview":"max-video-preview:-1"},"canonical":"https:\/\/franciscopoyato.com\/es\/actividad-pedagogica\/","og_locale":"es_ES","og_type":"article","og_title":"Actividad pedag\u00f3gica - Francisco Poyato","og_description":"La relaci\u00f3n con otras personas apasionadas por la m\u00fasica y por el lied es, junto con los conciertos, lo que mantiene la luz en mis ojos y da sentido a la necesidad de compartir y de crecer conjuntamente en el descubrimiento de la riqueza tanto de las obras como de nosotros mismos como int\u00e9rpretes. Este [&hellip;]","og_url":"https:\/\/franciscopoyato.com\/es\/actividad-pedagogica\/","og_site_name":"Francisco Poyato","article_modified_time":"2024-02-11T22:11:03+00:00","og_image":[{"url":"https:\/\/franciscopoyato.com\/wp-content\/uploads\/2023\/11\/Frame-5-2048x2048.jpg"}],"twitter_card":"summary_large_image","twitter_misc":{"Tiempo de lectura":"3 minutos"},"schema":{"@context":"https:\/\/schema.org","@graph":[{"@type":"WebPage","@id":"https:\/\/franciscopoyato.com\/es\/actividad-pedagogica\/","url":"https:\/\/franciscopoyato.com\/es\/actividad-pedagogica\/","name":"Actividad pedag\u00f3gica - Francisco Poyato","isPartOf":{"@id":"https:\/\/franciscopoyato.com\/es\/#website"},"primaryImageOfPage":{"@id":"https:\/\/franciscopoyato.com\/es\/actividad-pedagogica\/#primaryimage"},"image":{"@id":"https:\/\/franciscopoyato.com\/es\/actividad-pedagogica\/#primaryimage"},"thumbnailUrl":"https:\/\/franciscopoyato.com\/wp-content\/uploads\/2023\/11\/Frame-5-2048x2048.jpg","datePublished":"2023-09-26T11:18:16+00:00","dateModified":"2024-02-11T22:11:03+00:00","breadcrumb":{"@id":"https:\/\/franciscopoyato.com\/es\/actividad-pedagogica\/#breadcrumb"},"inLanguage":"es","potentialAction":[{"@type":"ReadAction","target":["https:\/\/franciscopoyato.com\/es\/actividad-pedagogica\/"]}]},{"@type":"ImageObject","inLanguage":"es","@id":"https:\/\/franciscopoyato.com\/es\/actividad-pedagogica\/#primaryimage","url":"https:\/\/franciscopoyato.com\/wp-content\/uploads\/2023\/11\/Frame-5-2048x2048.jpg","contentUrl":"https:\/\/franciscopoyato.com\/wp-content\/uploads\/2023\/11\/Frame-5-2048x2048.jpg"},{"@type":"BreadcrumbList","@id":"https:\/\/franciscopoyato.com\/es\/actividad-pedagogica\/#breadcrumb","itemListElement":[{"@type":"ListItem","position":1,"name":"Portada","item":"https:\/\/franciscopoyato.com\/es\/"},{"@type":"ListItem","position":2,"name":"Actividad pedag\u00f3gica"}]},{"@type":"WebSite","@id":"https:\/\/franciscopoyato.com\/es\/#website","url":"https:\/\/franciscopoyato.com\/es\/","name":"Francisco Poyato","description":"pianista ","publisher":{"@id":"https:\/\/franciscopoyato.com\/es\/#organization"},"potentialAction":[{"@type":"SearchAction","target":{"@type":"EntryPoint","urlTemplate":"https:\/\/franciscopoyato.com\/es\/?s={search_term_string}"},"query-input":"required name=search_term_string"}],"inLanguage":"es"},{"@type":"Organization","@id":"https:\/\/franciscopoyato.com\/es\/#organization","name":"Francisco Poyato","url":"https:\/\/franciscopoyato.com\/es\/","logo":{"@type":"ImageObject","inLanguage":"es","@id":"https:\/\/franciscopoyato.com\/es\/#\/schema\/logo\/image\/","url":"https:\/\/franciscopoyato.com\/wp-content\/uploads\/2023\/11\/cropped-Foto-definitiva.-Sobre-mi-scaled-1.jpg","contentUrl":"https:\/\/franciscopoyato.com\/wp-content\/uploads\/2023\/11\/cropped-Foto-definitiva.-Sobre-mi-scaled-1.jpg","width":1438,"height":1274,"caption":"Francisco Poyato "},"image":{"@id":"https:\/\/franciscopoyato.com\/es\/#\/schema\/logo\/image\/"}}]}},"_links":{"self":[{"href":"https:\/\/franciscopoyato.com\/es\/wp-json\/wp\/v2\/pages\/665"}],"collection":[{"href":"https:\/\/franciscopoyato.com\/es\/wp-json\/wp\/v2\/pages"}],"about":[{"href":"https:\/\/franciscopoyato.com\/es\/wp-json\/wp\/v2\/types\/page"}],"author":[{"embeddable":true,"href":"https:\/\/franciscopoyato.com\/es\/wp-json\/wp\/v2\/users\/1"}],"replies":[{"embeddable":true,"href":"https:\/\/franciscopoyato.com\/es\/wp-json\/wp\/v2\/comments?post=665"}],"version-history":[{"count":293,"href":"https:\/\/franciscopoyato.com\/es\/wp-json\/wp\/v2\/pages\/665\/revisions"}],"predecessor-version":[{"id":4191,"href":"https:\/\/franciscopoyato.com\/es\/wp-json\/wp\/v2\/pages\/665\/revisions\/4191"}],"wp:attachment":[{"href":"https:\/\/franciscopoyato.com\/es\/wp-json\/wp\/v2\/media?parent=665"}],"curies":[{"name":"wp","href":"https:\/\/api.w.org\/{rel}","templated":true}]}}