{"id":626,"date":"2023-09-26T11:07:33","date_gmt":"2023-09-26T11:07:33","guid":{"rendered":"https:\/\/franciscopoyato.com\/?page_id=626"},"modified":"2026-04-07T21:10:23","modified_gmt":"2026-04-07T21:10:23","slug":"sobre-mi","status":"publish","type":"page","link":"https:\/\/franciscopoyato.com\/es\/sobre-mi\/","title":{"rendered":"Sobre m\u00ed"},"content":{"rendered":"\t\t<div data-elementor-type=\"wp-page\" data-elementor-id=\"626\" class=\"elementor elementor-626\" data-elementor-post-type=\"page\">\n\t\t\t\t<div class=\"elementor-element elementor-element-7608444 e-flex e-con-boxed e-con e-parent\" data-id=\"7608444\" data-element_type=\"container\">\n\t\t\t\t\t<div class=\"e-con-inner\">\n\t\t<div class=\"elementor-element elementor-element-88d3fb4 e-con-full e-flex e-con e-child\" data-id=\"88d3fb4\" data-element_type=\"container\">\n\t\t<div class=\"elementor-element elementor-element-06c9aa3 e-con-full e-flex e-con e-child\" data-id=\"06c9aa3\" data-element_type=\"container\">\n\t\t\t\t<div class=\"elementor-element elementor-element-db4a2c8 elementor-widget__width-initial elementor-widget elementor-widget-text-editor\" data-id=\"db4a2c8\" data-element_type=\"widget\" data-widget_type=\"text-editor.default\">\n\t\t\t\t<div class=\"elementor-widget-container\">\n\t\t\t<style>\/*! elementor - v3.22.0 - 26-06-2024 *\/\n.elementor-widget-text-editor.elementor-drop-cap-view-stacked .elementor-drop-cap{background-color:#69727d;color:#fff}.elementor-widget-text-editor.elementor-drop-cap-view-framed .elementor-drop-cap{color:#69727d;border:3px solid;background-color:transparent}.elementor-widget-text-editor:not(.elementor-drop-cap-view-default) .elementor-drop-cap{margin-top:8px}.elementor-widget-text-editor:not(.elementor-drop-cap-view-default) .elementor-drop-cap-letter{width:1em;height:1em}.elementor-widget-text-editor .elementor-drop-cap{float:left;text-align:center;line-height:1;font-size:50px}.elementor-widget-text-editor .elementor-drop-cap-letter{display:inline-block}<\/style>\t\t\t\t<p><span style=\"font-weight: 400;\">Cuando de peque\u00f1o tocaba compositores de otras \u00e9pocas, recuerdo un placer, como una nostalgia, que<\/span> <span style=\"font-weight: 400;\">alimentaba el deseo de no abandonar ese espacio. As\u00ed, sin decidirlo, el piano me acompa\u00f1\u00f3 desde la infancia. Jugando, so\u00f1ando y canalizando emociones iba convirti\u00e9ndose en parte de m\u00ed.<\/span><\/p><p><span style=\"font-weight: 400;\">La curiosidad por conocer otros aspectos de la m\u00fasica mientras crec\u00eda con mi instrumento me llev\u00f3 tanto a los estudios de composici\u00f3n y de direcci\u00f3n de orquesta, como a la pr\u00e1ctica de la m\u00fasica de baile. Tocando y cantando en verbenas me acercaba a la manera popular de entender los ritmos y de jugar con la m\u00fasica.<\/span><\/p><p><span style=\"font-weight: 400;\">Empec\u00e9 a trabajar con otros instrumentistas y<\/span> <span style=\"font-weight: 400;\">cantantes. Aquello era m\u00e1gico! La m\u00fasica dec\u00eda c\u00f3mo sent\u00edan las palabras y las palabras qu\u00e9 dec\u00eda la m\u00fasica. Quienes me mostraron en qu\u00e9 consist\u00eda aquella magia fueron Hartmut H\u00f6ll y Mitsuko Shirai, mis profesores de lied en el Mozarteum de Salzburg. Con ellos aprend\u00ed que un lied era la expresi\u00f3n de una vivencia. La imaginaci\u00f3n, los sentidos y las emociones, la energ\u00eda. El cuerpo, el instrumento. Una canci\u00f3n, un momento vivido.<\/span><\/p><p><span style=\"font-weight: 400;\">Aquella nueva manera de concebir la interpretaci\u00f3n despert\u00f3 inquietudes y deseos que desde entonces conforman mi camino como int\u00e9rprete.<\/span><\/p><p><span style=\"font-weight: 400;\">El deseo de profundizar en la relaci\u00f3n m\u00fasica-poes\u00eda-vivencia. Que me llev\u00f3, en un principio, a asistir a masterclass con Edith Mathis, Dietrich Fischer-Dieskau, Thomas Hampson, Paul Shillawsky, Robert Holl, Barbara Bonney, Dimitri Bashkirov o Paul Badura-Skoda, entre otros. A su vez me acerqu\u00e9 a la interpretaci\u00f3n hist\u00f3rica al fortepiano, para conocer la manera de concebir esta relaci\u00f3n en la \u00e9poca, con Anthony Spiri.\u00a0<\/span><\/p><p><span style=\"font-weight: 400;\">Del deseo de llevar esta experiencia al escenario nacieron los conciertos con Mitsuko Shirai, Ruth Ziesak, Assumpta Mateu, Xavier Sabata, N\u00faria Rial, Olatz Saitua, Elena Copons, Judith van Wanroij, Lluis Vilamaj\u00f3, Claron McFadden, Marta Math\u00e9u, Roger Padull\u00e9s. <\/span><\/p>\t\t\t\t\t\t<\/div>\n\t\t\t\t<\/div>\n\t\t\t\t<\/div>\n\t\t<div class=\"elementor-element elementor-element-3d24544 e-con-full e-flex e-con e-child\" data-id=\"3d24544\" data-element_type=\"container\">\n\t\t\t\t<div class=\"elementor-element elementor-element-9be17cc elementor-widget elementor-widget-image\" data-id=\"9be17cc\" data-element_type=\"widget\" data-widget_type=\"image.default\">\n\t\t\t\t<div class=\"elementor-widget-container\">\n\t\t\t<style>\/*! elementor - v3.22.0 - 26-06-2024 *\/\n.elementor-widget-image{text-align:center}.elementor-widget-image a{display:inline-block}.elementor-widget-image a img[src$=\".svg\"]{width:48px}.elementor-widget-image img{vertical-align:middle;display:inline-block}<\/style>\t\t\t\t\t\t\t\t\t\t<img fetchpriority=\"high\" decoding=\"async\" width=\"800\" height=\"800\" src=\"https:\/\/franciscopoyato.com\/wp-content\/uploads\/2023\/11\/Foto-definitiva.-Sobre-mi-1024x1024.jpg\" class=\"attachment-large size-large wp-image-2216\" alt=\"retrato Francisco Poyato\" srcset=\"https:\/\/franciscopoyato.com\/wp-content\/uploads\/2023\/11\/Foto-definitiva.-Sobre-mi-1024x1024.jpg 1024w, https:\/\/franciscopoyato.com\/wp-content\/uploads\/2023\/11\/Foto-definitiva.-Sobre-mi-300x300.jpg 300w, https:\/\/franciscopoyato.com\/wp-content\/uploads\/2023\/11\/Foto-definitiva.-Sobre-mi-150x150.jpg 150w, https:\/\/franciscopoyato.com\/wp-content\/uploads\/2023\/11\/Foto-definitiva.-Sobre-mi-768x768.jpg 768w, https:\/\/franciscopoyato.com\/wp-content\/uploads\/2023\/11\/Foto-definitiva.-Sobre-mi-1536x1536.jpg 1536w, https:\/\/franciscopoyato.com\/wp-content\/uploads\/2023\/11\/Foto-definitiva.-Sobre-mi-2048x2048.jpg 2048w\" sizes=\"(max-width: 800px) 100vw, 800px\" \/>\t\t\t\t\t\t\t\t\t\t\t\t\t<\/div>\n\t\t\t\t<\/div>\n\t\t\t\t<\/div>\n\t\t\t\t<\/div>\n\t\t<div class=\"elementor-element elementor-element-8c256ba e-con-full e-flex e-con e-child\" data-id=\"8c256ba\" data-element_type=\"container\">\n\t\t\t\t<div class=\"elementor-element elementor-element-e4759de elementor-widget__width-initial elementor-widget elementor-widget-text-editor\" data-id=\"e4759de\" data-element_type=\"widget\" data-widget_type=\"text-editor.default\">\n\t\t\t\t<div class=\"elementor-widget-container\">\n\t\t\t\t\t\t\t<p><span style=\"font-weight: 400;\">Adem\u00e1s de los proyectos que siguen naciendo sin cesar, gracias a las programaciones del Festival Life Victoria de Barcelona, Schubert\u00edada de Vilabertran, Festival Musika-M\u00fasica de Bilbao, Palau de la M\u00fasica de Barcelona, L\u2019Auditori de Barcelona, Fundaci\u00f3n Gulbenkian de Lisboa, por nombrar algunos dentro de la pen\u00ednsula.\u00a0<\/span><\/p><p><span style=\"font-weight: 400;\">El anhelo de compartir esta pasi\u00f3n con estudiantes me llev\u00f3 a ejercer la docencia en la Universidad Mozarteum de Salzburg, entre 1994 y 2001. De Salzburg volv\u00ed a Barcelona, en 2001, coincidiendo con la creaci\u00f3n de la Escola Superior de M\u00fasica de Catalunya<\/span> <span style=\"font-weight: 400;\">(Esmuc), desde donde puedo compartir esta pasi\u00f3n con los j\u00f3venes<\/span><span style=\"font-weight: 400;\">,<\/span><span style=\"font-weight: 400;\"> como profesor de lied y m\u00fasica de c\u00e1mara. En este centro he tenido la oportunidad de impulsar la creaci\u00f3n del master de lied para cantantes y pianistas Victoria de los \u00c1ngeles, \u00fanico en el estado espa\u00f1ol. As\u00edmismo, tengo el placer de impartir masterclass en diferentes centros europeos, como la Universidad Hans Eisler de Berl\u00edn o la Musikhochschule de Karlsruhe.<\/span><\/p><p><span style=\"font-weight: 400;\">El impulso de mostrar al p\u00fablico una cercan\u00eda personal a determinados compositores e int\u00e9rpretes me condujo a grabar la integral de las canciones de Eduard Toldr\u00e0, con Assumpta Mateu y Lluis Vilamaj\u00f3, para Columna M\u00fasica; &#8216;die Winterreise<\/span><span style=\"font-weight: 400;\">\u2019 <\/span><span style=\"font-weight: 400;\">de Franz Schubert con Xavier Sabata, para Berlin Classics,<\/span> <span style=\"font-weight: 400;\">as\u00ed como la revisi\u00f3n de esta misma obra en clave esc\u00e9nica, a partir del montaje de Rafa Villalobos; la integral de las canciones de Juli Garreta, con Roger Padull\u00e9s, para Ficta; y las canciones populares de Robert Gerhard, con Maria Hinojosa, para Seed Music.<\/span><\/p><p><span style=\"font-weight: 400;\">En estos momentos me siento atra\u00eddo por repertorios y formaciones inusuales. Tambi\u00e9n me interesa impulsar propuestas art\u00edsticas enfocadas m\u00e1s all\u00e1 del goce est\u00e9tico, que interpelen a nuestra condici\u00f3n de seres humanos.<\/span><\/p>\t\t\t\t\t\t<\/div>\n\t\t\t\t<\/div>\n\t\t\t\t<\/div>\n\t\t\t\t\t<\/div>\n\t\t\t\t<\/div>\n\t\t<div class=\"elementor-element elementor-element-afe5a04 e-flex e-con-boxed e-con e-parent\" data-id=\"afe5a04\" data-element_type=\"container\">\n\t\t\t\t\t<div class=\"e-con-inner\">\n\t\t\t\t<div class=\"elementor-element elementor-element-1f8dfa4 elementor-align-center elementor-widget elementor-widget-button\" data-id=\"1f8dfa4\" data-element_type=\"widget\" data-widget_type=\"button.default\">\n\t\t\t\t<div class=\"elementor-widget-container\">\n\t\t\t\t\t<div class=\"elementor-button-wrapper\">\n\t\t\t<a class=\"elementor-button elementor-button-link elementor-size-sm\" href=\"https:\/\/franciscopoyato.com\/wp-content\/uploads\/2024\/02\/Francisco-Poyato.pdf\" target=\"_blank\" download=\"Francisco-Poyato.pdf\">\n\t\t\t\t\t\t<span class=\"elementor-button-content-wrapper\">\n\t\t\t\t\t\t\t\t\t<span class=\"elementor-button-text\">descargar biograf\u00eda<\/span>\n\t\t\t\t\t<\/span>\n\t\t\t\t\t<\/a>\n\t\t<\/div>\n\t\t\t\t<\/div>\n\t\t\t\t<\/div>\n\t\t\t\t<div class=\"elementor-element elementor-element-fc937b0 elementor-align-center elementor-widget elementor-widget-button\" data-id=\"fc937b0\" data-element_type=\"widget\" data-widget_type=\"button.default\">\n\t\t\t\t<div class=\"elementor-widget-container\">\n\t\t\t\t\t<div class=\"elementor-button-wrapper\">\n\t\t\t<a class=\"elementor-button elementor-button-link elementor-size-sm\" href=\"https:\/\/franciscopoyato.com\/wp-content\/uploads\/2023\/11\/Francisco-Poyato-1.jpg\" target=\"_blank\" download=\"Francisco-Poyato-1.jpg\">\n\t\t\t\t\t\t<span class=\"elementor-button-content-wrapper\">\n\t\t\t\t\t\t\t\t\t<span class=\"elementor-button-text\">descargar foto    <\/span>\n\t\t\t\t\t<\/span>\n\t\t\t\t\t<\/a>\n\t\t<\/div>\n\t\t\t\t<\/div>\n\t\t\t\t<\/div>\n\t\t\t\t<div class=\"elementor-element elementor-element-3de8621 elementor-align-center elementor-widget elementor-widget-button\" data-id=\"3de8621\" data-element_type=\"widget\" data-widget_type=\"button.default\">\n\t\t\t\t<div class=\"elementor-widget-container\">\n\t\t\t\t\t<div class=\"elementor-button-wrapper\">\n\t\t\t<a class=\"elementor-button elementor-button-link elementor-size-sm\" href=\"https:\/\/franciscopoyato.com\/wp-content\/uploads\/2023\/11\/Francisco-Poyato-2.jpg\" target=\"_blank\" download=\"Francisco-Poyato-2.jpg\">\n\t\t\t\t\t\t<span class=\"elementor-button-content-wrapper\">\n\t\t\t\t\t\t\t\t\t<span class=\"elementor-button-text\">descargar foto    <\/span>\n\t\t\t\t\t<\/span>\n\t\t\t\t\t<\/a>\n\t\t<\/div>\n\t\t\t\t<\/div>\n\t\t\t\t<\/div>\n\t\t\t\t\t<\/div>\n\t\t\t\t<\/div>\n\t\t\t\t<\/div>\n\t\t","protected":false},"excerpt":{"rendered":"<p>Cuando de peque\u00f1o tocaba compositores de otras \u00e9pocas, recuerdo un placer, como una nostalgia, que alimentaba el deseo de no abandonar ese espacio. As\u00ed, sin decidirlo, el piano me acompa\u00f1\u00f3 desde la infancia. Jugando, so\u00f1ando y canalizando emociones iba convirti\u00e9ndose en parte de m\u00ed. La curiosidad por conocer otros aspectos de la m\u00fasica mientras crec\u00eda [&hellip;]<\/p>\n","protected":false},"author":1,"featured_media":0,"parent":0,"menu_order":0,"comment_status":"closed","ping_status":"closed","template":"","meta":{"footnotes":""},"yoast_head":"<!-- This site is optimized with the Yoast SEO plugin v23.0 - https:\/\/yoast.com\/wordpress\/plugins\/seo\/ -->\n<title>Sobre m\u00ed - Francisco Poyato<\/title>\n<meta name=\"description\" content=\"Sobre m\u00ed, la m\u00fasica ha sido mi vida: desde explorar cl\u00e1sicos hasta colaborar con grandes int\u00e9rpretes, encuentro en cada nota la esencia de las emociones y vivencias humanas.\" \/>\n<meta name=\"robots\" content=\"index, follow, max-snippet:-1, max-image-preview:large, max-video-preview:-1\" \/>\n<link rel=\"canonical\" href=\"https:\/\/franciscopoyato.com\/es\/sobre-mi\/\" \/>\n<meta property=\"og:locale\" content=\"es_ES\" \/>\n<meta property=\"og:type\" content=\"article\" \/>\n<meta property=\"og:title\" content=\"Sobre m\u00ed - Francisco Poyato\" \/>\n<meta property=\"og:description\" content=\"Sobre m\u00ed, la m\u00fasica ha sido mi vida: desde explorar cl\u00e1sicos hasta colaborar con grandes int\u00e9rpretes, encuentro en cada nota la esencia de las emociones y vivencias humanas.\" \/>\n<meta property=\"og:url\" content=\"https:\/\/franciscopoyato.com\/es\/sobre-mi\/\" \/>\n<meta property=\"og:site_name\" content=\"Francisco Poyato\" \/>\n<meta property=\"article:modified_time\" content=\"2026-04-07T21:10:23+00:00\" \/>\n<meta property=\"og:image\" content=\"https:\/\/franciscopoyato.com\/wp-content\/uploads\/2023\/11\/Foto-definitiva.-Sobre-mi-1024x1024.jpg\" \/>\n<meta name=\"twitter:card\" content=\"summary_large_image\" \/>\n<meta name=\"twitter:label1\" content=\"Tiempo de lectura\" \/>\n\t<meta name=\"twitter:data1\" content=\"3 minutos\" \/>\n<script type=\"application\/ld+json\" class=\"yoast-schema-graph\">{\"@context\":\"https:\/\/schema.org\",\"@graph\":[{\"@type\":\"WebPage\",\"@id\":\"https:\/\/franciscopoyato.com\/es\/sobre-mi\/\",\"url\":\"https:\/\/franciscopoyato.com\/es\/sobre-mi\/\",\"name\":\"Sobre m\u00ed - Francisco Poyato\",\"isPartOf\":{\"@id\":\"https:\/\/franciscopoyato.com\/es\/#website\"},\"primaryImageOfPage\":{\"@id\":\"https:\/\/franciscopoyato.com\/es\/sobre-mi\/#primaryimage\"},\"image\":{\"@id\":\"https:\/\/franciscopoyato.com\/es\/sobre-mi\/#primaryimage\"},\"thumbnailUrl\":\"https:\/\/franciscopoyato.com\/wp-content\/uploads\/2023\/11\/Foto-definitiva.-Sobre-mi-1024x1024.jpg\",\"datePublished\":\"2023-09-26T11:07:33+00:00\",\"dateModified\":\"2026-04-07T21:10:23+00:00\",\"description\":\"Sobre m\u00ed, la m\u00fasica ha sido mi vida: desde explorar cl\u00e1sicos hasta colaborar con grandes int\u00e9rpretes, encuentro en cada nota la esencia de las emociones y vivencias humanas.\",\"breadcrumb\":{\"@id\":\"https:\/\/franciscopoyato.com\/es\/sobre-mi\/#breadcrumb\"},\"inLanguage\":\"es\",\"potentialAction\":[{\"@type\":\"ReadAction\",\"target\":[\"https:\/\/franciscopoyato.com\/es\/sobre-mi\/\"]}]},{\"@type\":\"ImageObject\",\"inLanguage\":\"es\",\"@id\":\"https:\/\/franciscopoyato.com\/es\/sobre-mi\/#primaryimage\",\"url\":\"https:\/\/franciscopoyato.com\/wp-content\/uploads\/2023\/11\/Foto-definitiva.-Sobre-mi-1024x1024.jpg\",\"contentUrl\":\"https:\/\/franciscopoyato.com\/wp-content\/uploads\/2023\/11\/Foto-definitiva.-Sobre-mi-1024x1024.jpg\"},{\"@type\":\"BreadcrumbList\",\"@id\":\"https:\/\/franciscopoyato.com\/es\/sobre-mi\/#breadcrumb\",\"itemListElement\":[{\"@type\":\"ListItem\",\"position\":1,\"name\":\"Portada\",\"item\":\"https:\/\/franciscopoyato.com\/es\/\"},{\"@type\":\"ListItem\",\"position\":2,\"name\":\"Sobre m\u00ed\"}]},{\"@type\":\"WebSite\",\"@id\":\"https:\/\/franciscopoyato.com\/es\/#website\",\"url\":\"https:\/\/franciscopoyato.com\/es\/\",\"name\":\"Francisco Poyato\",\"description\":\"pianista \",\"publisher\":{\"@id\":\"https:\/\/franciscopoyato.com\/es\/#organization\"},\"potentialAction\":[{\"@type\":\"SearchAction\",\"target\":{\"@type\":\"EntryPoint\",\"urlTemplate\":\"https:\/\/franciscopoyato.com\/es\/?s={search_term_string}\"},\"query-input\":\"required name=search_term_string\"}],\"inLanguage\":\"es\"},{\"@type\":\"Organization\",\"@id\":\"https:\/\/franciscopoyato.com\/es\/#organization\",\"name\":\"Francisco Poyato\",\"url\":\"https:\/\/franciscopoyato.com\/es\/\",\"logo\":{\"@type\":\"ImageObject\",\"inLanguage\":\"es\",\"@id\":\"https:\/\/franciscopoyato.com\/es\/#\/schema\/logo\/image\/\",\"url\":\"https:\/\/franciscopoyato.com\/wp-content\/uploads\/2023\/11\/cropped-Foto-definitiva.-Sobre-mi-scaled-1.jpg\",\"contentUrl\":\"https:\/\/franciscopoyato.com\/wp-content\/uploads\/2023\/11\/cropped-Foto-definitiva.-Sobre-mi-scaled-1.jpg\",\"width\":1438,\"height\":1274,\"caption\":\"Francisco Poyato \"},\"image\":{\"@id\":\"https:\/\/franciscopoyato.com\/es\/#\/schema\/logo\/image\/\"}}]}<\/script>\n<!-- \/ Yoast SEO plugin. -->","yoast_head_json":{"title":"Sobre m\u00ed - Francisco Poyato","description":"Sobre m\u00ed, la m\u00fasica ha sido mi vida: desde explorar cl\u00e1sicos hasta colaborar con grandes int\u00e9rpretes, encuentro en cada nota la esencia de las emociones y vivencias humanas.","robots":{"index":"index","follow":"follow","max-snippet":"max-snippet:-1","max-image-preview":"max-image-preview:large","max-video-preview":"max-video-preview:-1"},"canonical":"https:\/\/franciscopoyato.com\/es\/sobre-mi\/","og_locale":"es_ES","og_type":"article","og_title":"Sobre m\u00ed - Francisco Poyato","og_description":"Sobre m\u00ed, la m\u00fasica ha sido mi vida: desde explorar cl\u00e1sicos hasta colaborar con grandes int\u00e9rpretes, encuentro en cada nota la esencia de las emociones y vivencias humanas.","og_url":"https:\/\/franciscopoyato.com\/es\/sobre-mi\/","og_site_name":"Francisco Poyato","article_modified_time":"2026-04-07T21:10:23+00:00","og_image":[{"url":"https:\/\/franciscopoyato.com\/wp-content\/uploads\/2023\/11\/Foto-definitiva.-Sobre-mi-1024x1024.jpg"}],"twitter_card":"summary_large_image","twitter_misc":{"Tiempo de lectura":"3 minutos"},"schema":{"@context":"https:\/\/schema.org","@graph":[{"@type":"WebPage","@id":"https:\/\/franciscopoyato.com\/es\/sobre-mi\/","url":"https:\/\/franciscopoyato.com\/es\/sobre-mi\/","name":"Sobre m\u00ed - Francisco Poyato","isPartOf":{"@id":"https:\/\/franciscopoyato.com\/es\/#website"},"primaryImageOfPage":{"@id":"https:\/\/franciscopoyato.com\/es\/sobre-mi\/#primaryimage"},"image":{"@id":"https:\/\/franciscopoyato.com\/es\/sobre-mi\/#primaryimage"},"thumbnailUrl":"https:\/\/franciscopoyato.com\/wp-content\/uploads\/2023\/11\/Foto-definitiva.-Sobre-mi-1024x1024.jpg","datePublished":"2023-09-26T11:07:33+00:00","dateModified":"2026-04-07T21:10:23+00:00","description":"Sobre m\u00ed, la m\u00fasica ha sido mi vida: desde explorar cl\u00e1sicos hasta colaborar con grandes int\u00e9rpretes, encuentro en cada nota la esencia de las emociones y vivencias humanas.","breadcrumb":{"@id":"https:\/\/franciscopoyato.com\/es\/sobre-mi\/#breadcrumb"},"inLanguage":"es","potentialAction":[{"@type":"ReadAction","target":["https:\/\/franciscopoyato.com\/es\/sobre-mi\/"]}]},{"@type":"ImageObject","inLanguage":"es","@id":"https:\/\/franciscopoyato.com\/es\/sobre-mi\/#primaryimage","url":"https:\/\/franciscopoyato.com\/wp-content\/uploads\/2023\/11\/Foto-definitiva.-Sobre-mi-1024x1024.jpg","contentUrl":"https:\/\/franciscopoyato.com\/wp-content\/uploads\/2023\/11\/Foto-definitiva.-Sobre-mi-1024x1024.jpg"},{"@type":"BreadcrumbList","@id":"https:\/\/franciscopoyato.com\/es\/sobre-mi\/#breadcrumb","itemListElement":[{"@type":"ListItem","position":1,"name":"Portada","item":"https:\/\/franciscopoyato.com\/es\/"},{"@type":"ListItem","position":2,"name":"Sobre m\u00ed"}]},{"@type":"WebSite","@id":"https:\/\/franciscopoyato.com\/es\/#website","url":"https:\/\/franciscopoyato.com\/es\/","name":"Francisco Poyato","description":"pianista ","publisher":{"@id":"https:\/\/franciscopoyato.com\/es\/#organization"},"potentialAction":[{"@type":"SearchAction","target":{"@type":"EntryPoint","urlTemplate":"https:\/\/franciscopoyato.com\/es\/?s={search_term_string}"},"query-input":"required name=search_term_string"}],"inLanguage":"es"},{"@type":"Organization","@id":"https:\/\/franciscopoyato.com\/es\/#organization","name":"Francisco Poyato","url":"https:\/\/franciscopoyato.com\/es\/","logo":{"@type":"ImageObject","inLanguage":"es","@id":"https:\/\/franciscopoyato.com\/es\/#\/schema\/logo\/image\/","url":"https:\/\/franciscopoyato.com\/wp-content\/uploads\/2023\/11\/cropped-Foto-definitiva.-Sobre-mi-scaled-1.jpg","contentUrl":"https:\/\/franciscopoyato.com\/wp-content\/uploads\/2023\/11\/cropped-Foto-definitiva.-Sobre-mi-scaled-1.jpg","width":1438,"height":1274,"caption":"Francisco Poyato "},"image":{"@id":"https:\/\/franciscopoyato.com\/es\/#\/schema\/logo\/image\/"}}]}},"_links":{"self":[{"href":"https:\/\/franciscopoyato.com\/es\/wp-json\/wp\/v2\/pages\/626"}],"collection":[{"href":"https:\/\/franciscopoyato.com\/es\/wp-json\/wp\/v2\/pages"}],"about":[{"href":"https:\/\/franciscopoyato.com\/es\/wp-json\/wp\/v2\/types\/page"}],"author":[{"embeddable":true,"href":"https:\/\/franciscopoyato.com\/es\/wp-json\/wp\/v2\/users\/1"}],"replies":[{"embeddable":true,"href":"https:\/\/franciscopoyato.com\/es\/wp-json\/wp\/v2\/comments?post=626"}],"version-history":[{"count":445,"href":"https:\/\/franciscopoyato.com\/es\/wp-json\/wp\/v2\/pages\/626\/revisions"}],"predecessor-version":[{"id":5036,"href":"https:\/\/franciscopoyato.com\/es\/wp-json\/wp\/v2\/pages\/626\/revisions\/5036"}],"wp:attachment":[{"href":"https:\/\/franciscopoyato.com\/es\/wp-json\/wp\/v2\/media?parent=626"}],"curies":[{"name":"wp","href":"https:\/\/api.w.org\/{rel}","templated":true}]}}