{"id":2356,"date":"2023-11-13T11:19:50","date_gmt":"2023-11-13T11:19:50","guid":{"rendered":"https:\/\/franciscopoyato.com\/?page_id=2356"},"modified":"2024-03-12T23:12:32","modified_gmt":"2024-03-12T23:12:32","slug":"die-winterreise","status":"publish","type":"page","link":"https:\/\/franciscopoyato.com\/es\/die-winterreise\/","title":{"rendered":"DIE WINTERREISE"},"content":{"rendered":"\t\t<div data-elementor-type=\"wp-page\" data-elementor-id=\"2356\" class=\"elementor elementor-2356\" data-elementor-post-type=\"page\">\n\t\t\t\t<div class=\"elementor-element elementor-element-d8b9c33 e-flex e-con-boxed e-con e-parent\" data-id=\"d8b9c33\" data-element_type=\"container\">\n\t\t\t\t\t<div class=\"e-con-inner\">\n\t\t<div class=\"elementor-element elementor-element-d04e833 e-con-full e-flex e-con e-child\" data-id=\"d04e833\" data-element_type=\"container\">\n\t\t<div class=\"elementor-element elementor-element-08fef5b e-con-full e-flex e-con e-child\" data-id=\"08fef5b\" data-element_type=\"container\">\n\t\t\t\t<div class=\"elementor-element elementor-element-186bf94 elementor-widget__width-initial elementor-widget-mobile__width-initial elementor-widget elementor-widget-image\" data-id=\"186bf94\" data-element_type=\"widget\" data-widget_type=\"image.default\">\n\t\t\t\t<div class=\"elementor-widget-container\">\n\t\t\t<style>\/*! elementor - v3.22.0 - 26-06-2024 *\/\n.elementor-widget-image{text-align:center}.elementor-widget-image a{display:inline-block}.elementor-widget-image a img[src$=\".svg\"]{width:48px}.elementor-widget-image img{vertical-align:middle;display:inline-block}<\/style>\t\t\t\t\t\t\t\t\t\t<img fetchpriority=\"high\" decoding=\"async\" width=\"800\" height=\"399\" src=\"https:\/\/franciscopoyato.com\/wp-content\/uploads\/2023\/11\/Frame-3-1024x511.png\" class=\"attachment-large size-large wp-image-2578\" alt=\"ilustraci\u00f3n Francisco Poyato y Xavier Sabata\" srcset=\"https:\/\/franciscopoyato.com\/wp-content\/uploads\/2023\/11\/Frame-3-1024x511.png 1024w, https:\/\/franciscopoyato.com\/wp-content\/uploads\/2023\/11\/Frame-3-300x150.png 300w, https:\/\/franciscopoyato.com\/wp-content\/uploads\/2023\/11\/Frame-3-768x383.png 768w, https:\/\/franciscopoyato.com\/wp-content\/uploads\/2023\/11\/Frame-3-1536x767.png 1536w, https:\/\/franciscopoyato.com\/wp-content\/uploads\/2023\/11\/Frame-3-2048x1022.png 2048w\" sizes=\"(max-width: 800px) 100vw, 800px\" \/>\t\t\t\t\t\t\t\t\t\t\t\t\t<\/div>\n\t\t\t\t<\/div>\n\t\t\t\t<\/div>\n\t\t<div class=\"elementor-element elementor-element-e61b496 e-con-full e-flex e-con e-child\" data-id=\"e61b496\" data-element_type=\"container\">\n\t\t<div class=\"elementor-element elementor-element-9b59c9c e-flex e-con-boxed e-con e-child\" data-id=\"9b59c9c\" data-element_type=\"container\">\n\t\t\t\t\t<div class=\"e-con-inner\">\n\t\t\t\t<div class=\"elementor-element elementor-element-01350e3 elementor-widget__width-inherit elementor-widget elementor-widget-text-editor\" data-id=\"01350e3\" data-element_type=\"widget\" data-widget_type=\"text-editor.default\">\n\t\t\t\t<div class=\"elementor-widget-container\">\n\t\t\t<style>\/*! elementor - v3.22.0 - 26-06-2024 *\/\n.elementor-widget-text-editor.elementor-drop-cap-view-stacked .elementor-drop-cap{background-color:#69727d;color:#fff}.elementor-widget-text-editor.elementor-drop-cap-view-framed .elementor-drop-cap{color:#69727d;border:3px solid;background-color:transparent}.elementor-widget-text-editor:not(.elementor-drop-cap-view-default) .elementor-drop-cap{margin-top:8px}.elementor-widget-text-editor:not(.elementor-drop-cap-view-default) .elementor-drop-cap-letter{width:1em;height:1em}.elementor-widget-text-editor .elementor-drop-cap{float:left;text-align:center;line-height:1;font-size:50px}.elementor-widget-text-editor .elementor-drop-cap-letter{display:inline-block}<\/style>\t\t\t\t<p><strong>Versi\u00f3n concierto<\/strong><\/p><p><span style=\"font-weight: 400;\">Un abandono es el punto de partida de este\u00a0<\/span><i><span style=\"font-weight: 400;\">tour de force<\/span><\/i><span style=\"font-weight: 400;\"> emocional para los int\u00e9rpretes. El contratenor Xavier Sabata y el pianista Francisco Poyato emprenden, a trav\u00e9s de la m\u00fasica de Schubert y de las palabras de M\u00fcller, su personal viaje de invierno, en busca de la aceptaci\u00f3n de la propia soledad.<\/span><\/p><p>\u00a0<\/p>\t\t\t\t\t\t<\/div>\n\t\t\t\t<\/div>\n\t\t\t\t<div class=\"elementor-element elementor-element-5fdc29d elementor-widget__width-inherit elementor-hidden-desktop elementor-hidden-tablet elementor-widget elementor-widget-video\" data-id=\"5fdc29d\" data-element_type=\"widget\" data-settings=\"{&quot;youtube_url&quot;:&quot;https:\\\/\\\/www.youtube.com\\\/watch?v=UPMinQCmLUk&quot;,&quot;video_type&quot;:&quot;youtube&quot;,&quot;controls&quot;:&quot;yes&quot;}\" data-widget_type=\"video.default\">\n\t\t\t\t<div class=\"elementor-widget-container\">\n\t\t\t<style>\/*! elementor - v3.22.0 - 26-06-2024 *\/\n.elementor-widget-video .elementor-widget-container{overflow:hidden;transform:translateZ(0)}.elementor-widget-video .elementor-wrapper{aspect-ratio:var(--video-aspect-ratio)}.elementor-widget-video .elementor-wrapper iframe,.elementor-widget-video .elementor-wrapper video{height:100%;width:100%;display:flex;border:none;background-color:#000}@supports not (aspect-ratio:1\/1){.elementor-widget-video .elementor-wrapper{position:relative;overflow:hidden;height:0;padding-bottom:calc(100% \/ var(--video-aspect-ratio))}.elementor-widget-video .elementor-wrapper iframe,.elementor-widget-video .elementor-wrapper video{position:absolute;top:0;right:0;bottom:0;left:0}}.elementor-widget-video .elementor-open-inline .elementor-custom-embed-image-overlay{position:absolute;top:0;right:0;bottom:0;left:0;background-size:cover;background-position:50%}.elementor-widget-video .elementor-custom-embed-image-overlay{cursor:pointer;text-align:center}.elementor-widget-video .elementor-custom-embed-image-overlay:hover .elementor-custom-embed-play i{opacity:1}.elementor-widget-video .elementor-custom-embed-image-overlay img{display:block;width:100%;aspect-ratio:var(--video-aspect-ratio);-o-object-fit:cover;object-fit:cover;-o-object-position:center center;object-position:center center}@supports not (aspect-ratio:1\/1){.elementor-widget-video .elementor-custom-embed-image-overlay{position:relative;overflow:hidden;height:0;padding-bottom:calc(100% \/ var(--video-aspect-ratio))}.elementor-widget-video .elementor-custom-embed-image-overlay img{position:absolute;top:0;right:0;bottom:0;left:0}}.elementor-widget-video .e-hosted-video .elementor-video{-o-object-fit:cover;object-fit:cover}.e-con-inner>.elementor-widget-video,.e-con>.elementor-widget-video{width:var(--container-widget-width);--flex-grow:var(--container-widget-flex-grow)}<\/style>\t\t<div class=\"elementor-wrapper elementor-open-inline\">\n\t\t\t<div class=\"elementor-video\"><\/div>\t\t<\/div>\n\t\t\t\t<\/div>\n\t\t\t\t<\/div>\n\t\t\t\t\t<\/div>\n\t\t\t\t<\/div>\n\t\t<div class=\"elementor-element elementor-element-4bdabb6 e-flex e-con-boxed e-con e-child\" data-id=\"4bdabb6\" data-element_type=\"container\">\n\t\t\t\t\t<div class=\"e-con-inner\">\n\t\t\t\t<div class=\"elementor-element elementor-element-7371601 elementor-widget__width-initial elementor-hidden-desktop elementor-hidden-tablet elementor-widget elementor-widget-html\" data-id=\"7371601\" data-element_type=\"widget\" data-widget_type=\"html.default\">\n\t\t\t\t<div class=\"elementor-widget-container\">\n\t\t\t<iframe style=\"border-radius:12px\" src=\"https:\/\/open.spotify.com\/embed\/album\/6lqugFWnH2WJoBi9IXv6av?utm_source=generator\" width=\"400\" height=\"100\" frameBorder=\"0\" allowfullscreen=\"\" allow=\"autoplay; clipboard-write; encrypted-media; fullscreen; picture-in-picture\" loading=\"lazy\"><\/iframe>\t\t<\/div>\n\t\t\t\t<\/div>\n\t\t\t\t<div class=\"elementor-element elementor-element-9cfd493 elementor-widget__width-inherit elementor-widget elementor-widget-text-editor\" data-id=\"9cfd493\" data-element_type=\"widget\" data-widget_type=\"text-editor.default\">\n\t\t\t\t<div class=\"elementor-widget-container\">\n\t\t\t\t\t\t\t<p><strong>Versi\u00f3n escenificada<\/strong><\/p><p><span style=\"font-weight: 400;\">En este espect\u00e1culo, el director Rafael R. Villalobos da forma esc\u00e9nica a este ciclo aparentemente antiteatral, aunque con gran carga dram\u00e1tica, en una propuesta inspirada en el teatro de Samuel Beckett y que profundiza en los rincones m\u00e1s escondidos del alma humana.<\/span><\/p>\t\t\t\t\t\t<\/div>\n\t\t\t\t<\/div>\n\t\t\t\t\t<\/div>\n\t\t\t\t<\/div>\n\t\t\t\t<\/div>\n\t\t<div class=\"elementor-element elementor-element-5627e0b e-con-full e-flex e-con e-child\" data-id=\"5627e0b\" data-element_type=\"container\">\n\t\t<div class=\"elementor-element elementor-element-2afce13 e-con-full e-flex e-con e-child\" data-id=\"2afce13\" data-element_type=\"container\">\n\t\t\t\t<div class=\"elementor-element elementor-element-a5094f7 elementor-widget__width-inherit elementor-hidden-mobile elementor-widget elementor-widget-video\" data-id=\"a5094f7\" data-element_type=\"widget\" data-settings=\"{&quot;youtube_url&quot;:&quot;https:\\\/\\\/www.youtube.com\\\/watch?v=UPMinQCmLUk&quot;,&quot;video_type&quot;:&quot;youtube&quot;,&quot;controls&quot;:&quot;yes&quot;}\" data-widget_type=\"video.default\">\n\t\t\t\t<div class=\"elementor-widget-container\">\n\t\t\t\t\t<div class=\"elementor-wrapper elementor-open-inline\">\n\t\t\t<div class=\"elementor-video\"><\/div>\t\t<\/div>\n\t\t\t\t<\/div>\n\t\t\t\t<\/div>\n\t\t\t\t<div class=\"elementor-element elementor-element-48ce06e elementor-widget__width-initial elementor-hidden-mobile elementor-widget elementor-widget-html\" data-id=\"48ce06e\" data-element_type=\"widget\" data-widget_type=\"html.default\">\n\t\t\t\t<div class=\"elementor-widget-container\">\n\t\t\t<iframe style=\"border-radius:12px\" src=\"https:\/\/open.spotify.com\/embed\/album\/6lqugFWnH2WJoBi9IXv6av?utm_source=generator\" width=\"400\" height=\"100\" frameBorder=\"0\" allowfullscreen=\"\" allow=\"autoplay; clipboard-write; encrypted-media; fullscreen; picture-in-picture\" loading=\"lazy\"><\/iframe>\t\t<\/div>\n\t\t\t\t<\/div>\n\t\t\t\t<\/div>\n\t\t<div class=\"elementor-element elementor-element-df9d621 e-con-full e-flex e-con e-child\" data-id=\"df9d621\" data-element_type=\"container\">\n\t\t\t\t<div class=\"elementor-element elementor-element-bacfbbd elementor-widget__width-inherit elementor-widget elementor-widget-video\" data-id=\"bacfbbd\" data-element_type=\"widget\" data-settings=\"{&quot;video_type&quot;:&quot;vimeo&quot;}\" data-widget_type=\"video.default\">\n\t\t\t\t<div class=\"elementor-widget-container\">\n\t\t\t\t\t<div class=\"elementor-wrapper elementor-open-inline\">\n\t\t\t<iframe class=\"elementor-video-iframe\" allowfullscreen allow=\"clipboard-write\" title=\"Reproductor de v\u00eddeo vimeo\" src=\"https:\/\/player.vimeo.com\/video\/658970119?color&amp;autopause=0&amp;loop=0&amp;muted=0&amp;title=1&amp;portrait=1&amp;byline=1#t=\"><\/iframe>\t\t<\/div>\n\t\t\t\t<\/div>\n\t\t\t\t<\/div>\n\t\t\t\t<div class=\"elementor-element elementor-element-c0632bf elementor-widget__width-inherit elementor-widget elementor-widget-text-editor\" data-id=\"c0632bf\" data-element_type=\"widget\" data-widget_type=\"text-editor.default\">\n\t\t\t\t<div class=\"elementor-widget-container\">\n\t\t\t\t\t\t\t<p><span style=\"font-weight: 400;\">Contacto: <\/span><a style=\"text-align: start;\" href=\"mailto:nicki.wenham@rayfieldallied.com\" target=\"_blank\" rel=\"noopener\">nicki.wenham@rayfieldallied.com<\/a><\/p>\t\t\t\t\t\t<\/div>\n\t\t\t\t<\/div>\n\t\t\t\t<\/div>\n\t\t\t\t<\/div>\n\t\t\t\t<\/div>\n\t\t\t\t\t<\/div>\n\t\t\t\t<\/div>\n\t\t<div class=\"elementor-element elementor-element-b994d40 e-flex e-con-boxed e-con e-parent\" data-id=\"b994d40\" data-element_type=\"container\">\n\t\t\t\t\t<div class=\"e-con-inner\">\n\t\t\t\t\t<\/div>\n\t\t\t\t<\/div>\n\t\t\t\t<\/div>\n\t\t","protected":false},"excerpt":{"rendered":"<p>Versi\u00f3n concierto Un abandono es el punto de partida de este\u00a0tour de force emocional para los int\u00e9rpretes. El contratenor Xavier Sabata y el pianista Francisco Poyato emprenden, a trav\u00e9s de la m\u00fasica de Schubert y de las palabras de M\u00fcller, su personal viaje de invierno, en busca de la aceptaci\u00f3n de la propia soledad. \u00a0 [&hellip;]<\/p>\n","protected":false},"author":1,"featured_media":0,"parent":0,"menu_order":0,"comment_status":"closed","ping_status":"closed","template":"","meta":{"footnotes":""},"yoast_head":"<!-- This site is optimized with the Yoast SEO plugin v23.0 - https:\/\/yoast.com\/wordpress\/plugins\/seo\/ -->\n<title>DIE WINTERREISE - Francisco Poyato<\/title>\n<meta name=\"robots\" content=\"index, follow, max-snippet:-1, max-image-preview:large, max-video-preview:-1\" \/>\n<link rel=\"canonical\" href=\"https:\/\/franciscopoyato.com\/es\/die-winterreise\/\" \/>\n<meta property=\"og:locale\" content=\"es_ES\" \/>\n<meta property=\"og:type\" content=\"article\" \/>\n<meta property=\"og:title\" content=\"DIE WINTERREISE - Francisco Poyato\" \/>\n<meta property=\"og:description\" content=\"Versi\u00f3n concierto Un abandono es el punto de partida de este\u00a0tour de force emocional para los int\u00e9rpretes. El contratenor Xavier Sabata y el pianista Francisco Poyato emprenden, a trav\u00e9s de la m\u00fasica de Schubert y de las palabras de M\u00fcller, su personal viaje de invierno, en busca de la aceptaci\u00f3n de la propia soledad. \u00a0 [&hellip;]\" \/>\n<meta property=\"og:url\" content=\"https:\/\/franciscopoyato.com\/es\/die-winterreise\/\" \/>\n<meta property=\"og:site_name\" content=\"Francisco Poyato\" \/>\n<meta property=\"article:modified_time\" content=\"2024-03-12T23:12:32+00:00\" \/>\n<meta property=\"og:image\" content=\"https:\/\/franciscopoyato.com\/wp-content\/uploads\/2023\/11\/Frame-3-1024x511.png\" \/>\n<meta name=\"twitter:card\" content=\"summary_large_image\" \/>\n<meta name=\"twitter:label1\" content=\"Tiempo de lectura\" \/>\n\t<meta name=\"twitter:data1\" content=\"1 minuto\" \/>\n<script type=\"application\/ld+json\" class=\"yoast-schema-graph\">{\"@context\":\"https:\/\/schema.org\",\"@graph\":[{\"@type\":\"WebPage\",\"@id\":\"https:\/\/franciscopoyato.com\/es\/die-winterreise\/\",\"url\":\"https:\/\/franciscopoyato.com\/es\/die-winterreise\/\",\"name\":\"DIE WINTERREISE - Francisco Poyato\",\"isPartOf\":{\"@id\":\"https:\/\/franciscopoyato.com\/es\/#website\"},\"primaryImageOfPage\":{\"@id\":\"https:\/\/franciscopoyato.com\/es\/die-winterreise\/#primaryimage\"},\"image\":{\"@id\":\"https:\/\/franciscopoyato.com\/es\/die-winterreise\/#primaryimage\"},\"thumbnailUrl\":\"https:\/\/franciscopoyato.com\/wp-content\/uploads\/2023\/11\/Frame-3-1024x511.png\",\"datePublished\":\"2023-11-13T11:19:50+00:00\",\"dateModified\":\"2024-03-12T23:12:32+00:00\",\"breadcrumb\":{\"@id\":\"https:\/\/franciscopoyato.com\/es\/die-winterreise\/#breadcrumb\"},\"inLanguage\":\"es\",\"potentialAction\":[{\"@type\":\"ReadAction\",\"target\":[\"https:\/\/franciscopoyato.com\/es\/die-winterreise\/\"]}]},{\"@type\":\"ImageObject\",\"inLanguage\":\"es\",\"@id\":\"https:\/\/franciscopoyato.com\/es\/die-winterreise\/#primaryimage\",\"url\":\"https:\/\/franciscopoyato.com\/wp-content\/uploads\/2023\/11\/Frame-3-1024x511.png\",\"contentUrl\":\"https:\/\/franciscopoyato.com\/wp-content\/uploads\/2023\/11\/Frame-3-1024x511.png\"},{\"@type\":\"BreadcrumbList\",\"@id\":\"https:\/\/franciscopoyato.com\/es\/die-winterreise\/#breadcrumb\",\"itemListElement\":[{\"@type\":\"ListItem\",\"position\":1,\"name\":\"Portada\",\"item\":\"https:\/\/franciscopoyato.com\/es\/\"},{\"@type\":\"ListItem\",\"position\":2,\"name\":\"DIE WINTERREISE\"}]},{\"@type\":\"WebSite\",\"@id\":\"https:\/\/franciscopoyato.com\/es\/#website\",\"url\":\"https:\/\/franciscopoyato.com\/es\/\",\"name\":\"Francisco Poyato\",\"description\":\"pianista \",\"publisher\":{\"@id\":\"https:\/\/franciscopoyato.com\/es\/#organization\"},\"potentialAction\":[{\"@type\":\"SearchAction\",\"target\":{\"@type\":\"EntryPoint\",\"urlTemplate\":\"https:\/\/franciscopoyato.com\/es\/?s={search_term_string}\"},\"query-input\":\"required name=search_term_string\"}],\"inLanguage\":\"es\"},{\"@type\":\"Organization\",\"@id\":\"https:\/\/franciscopoyato.com\/es\/#organization\",\"name\":\"Francisco Poyato\",\"url\":\"https:\/\/franciscopoyato.com\/es\/\",\"logo\":{\"@type\":\"ImageObject\",\"inLanguage\":\"es\",\"@id\":\"https:\/\/franciscopoyato.com\/es\/#\/schema\/logo\/image\/\",\"url\":\"https:\/\/franciscopoyato.com\/wp-content\/uploads\/2023\/11\/cropped-Foto-definitiva.-Sobre-mi-scaled-1.jpg\",\"contentUrl\":\"https:\/\/franciscopoyato.com\/wp-content\/uploads\/2023\/11\/cropped-Foto-definitiva.-Sobre-mi-scaled-1.jpg\",\"width\":1438,\"height\":1274,\"caption\":\"Francisco Poyato \"},\"image\":{\"@id\":\"https:\/\/franciscopoyato.com\/es\/#\/schema\/logo\/image\/\"}}]}<\/script>\n<!-- \/ Yoast SEO plugin. -->","yoast_head_json":{"title":"DIE WINTERREISE - Francisco Poyato","robots":{"index":"index","follow":"follow","max-snippet":"max-snippet:-1","max-image-preview":"max-image-preview:large","max-video-preview":"max-video-preview:-1"},"canonical":"https:\/\/franciscopoyato.com\/es\/die-winterreise\/","og_locale":"es_ES","og_type":"article","og_title":"DIE WINTERREISE - Francisco Poyato","og_description":"Versi\u00f3n concierto Un abandono es el punto de partida de este\u00a0tour de force emocional para los int\u00e9rpretes. El contratenor Xavier Sabata y el pianista Francisco Poyato emprenden, a trav\u00e9s de la m\u00fasica de Schubert y de las palabras de M\u00fcller, su personal viaje de invierno, en busca de la aceptaci\u00f3n de la propia soledad. \u00a0 [&hellip;]","og_url":"https:\/\/franciscopoyato.com\/es\/die-winterreise\/","og_site_name":"Francisco Poyato","article_modified_time":"2024-03-12T23:12:32+00:00","og_image":[{"url":"https:\/\/franciscopoyato.com\/wp-content\/uploads\/2023\/11\/Frame-3-1024x511.png"}],"twitter_card":"summary_large_image","twitter_misc":{"Tiempo de lectura":"1 minuto"},"schema":{"@context":"https:\/\/schema.org","@graph":[{"@type":"WebPage","@id":"https:\/\/franciscopoyato.com\/es\/die-winterreise\/","url":"https:\/\/franciscopoyato.com\/es\/die-winterreise\/","name":"DIE WINTERREISE - Francisco Poyato","isPartOf":{"@id":"https:\/\/franciscopoyato.com\/es\/#website"},"primaryImageOfPage":{"@id":"https:\/\/franciscopoyato.com\/es\/die-winterreise\/#primaryimage"},"image":{"@id":"https:\/\/franciscopoyato.com\/es\/die-winterreise\/#primaryimage"},"thumbnailUrl":"https:\/\/franciscopoyato.com\/wp-content\/uploads\/2023\/11\/Frame-3-1024x511.png","datePublished":"2023-11-13T11:19:50+00:00","dateModified":"2024-03-12T23:12:32+00:00","breadcrumb":{"@id":"https:\/\/franciscopoyato.com\/es\/die-winterreise\/#breadcrumb"},"inLanguage":"es","potentialAction":[{"@type":"ReadAction","target":["https:\/\/franciscopoyato.com\/es\/die-winterreise\/"]}]},{"@type":"ImageObject","inLanguage":"es","@id":"https:\/\/franciscopoyato.com\/es\/die-winterreise\/#primaryimage","url":"https:\/\/franciscopoyato.com\/wp-content\/uploads\/2023\/11\/Frame-3-1024x511.png","contentUrl":"https:\/\/franciscopoyato.com\/wp-content\/uploads\/2023\/11\/Frame-3-1024x511.png"},{"@type":"BreadcrumbList","@id":"https:\/\/franciscopoyato.com\/es\/die-winterreise\/#breadcrumb","itemListElement":[{"@type":"ListItem","position":1,"name":"Portada","item":"https:\/\/franciscopoyato.com\/es\/"},{"@type":"ListItem","position":2,"name":"DIE WINTERREISE"}]},{"@type":"WebSite","@id":"https:\/\/franciscopoyato.com\/es\/#website","url":"https:\/\/franciscopoyato.com\/es\/","name":"Francisco Poyato","description":"pianista ","publisher":{"@id":"https:\/\/franciscopoyato.com\/es\/#organization"},"potentialAction":[{"@type":"SearchAction","target":{"@type":"EntryPoint","urlTemplate":"https:\/\/franciscopoyato.com\/es\/?s={search_term_string}"},"query-input":"required name=search_term_string"}],"inLanguage":"es"},{"@type":"Organization","@id":"https:\/\/franciscopoyato.com\/es\/#organization","name":"Francisco Poyato","url":"https:\/\/franciscopoyato.com\/es\/","logo":{"@type":"ImageObject","inLanguage":"es","@id":"https:\/\/franciscopoyato.com\/es\/#\/schema\/logo\/image\/","url":"https:\/\/franciscopoyato.com\/wp-content\/uploads\/2023\/11\/cropped-Foto-definitiva.-Sobre-mi-scaled-1.jpg","contentUrl":"https:\/\/franciscopoyato.com\/wp-content\/uploads\/2023\/11\/cropped-Foto-definitiva.-Sobre-mi-scaled-1.jpg","width":1438,"height":1274,"caption":"Francisco Poyato "},"image":{"@id":"https:\/\/franciscopoyato.com\/es\/#\/schema\/logo\/image\/"}}]}},"_links":{"self":[{"href":"https:\/\/franciscopoyato.com\/es\/wp-json\/wp\/v2\/pages\/2356"}],"collection":[{"href":"https:\/\/franciscopoyato.com\/es\/wp-json\/wp\/v2\/pages"}],"about":[{"href":"https:\/\/franciscopoyato.com\/es\/wp-json\/wp\/v2\/types\/page"}],"author":[{"embeddable":true,"href":"https:\/\/franciscopoyato.com\/es\/wp-json\/wp\/v2\/users\/1"}],"replies":[{"embeddable":true,"href":"https:\/\/franciscopoyato.com\/es\/wp-json\/wp\/v2\/comments?post=2356"}],"version-history":[{"count":163,"href":"https:\/\/franciscopoyato.com\/es\/wp-json\/wp\/v2\/pages\/2356\/revisions"}],"predecessor-version":[{"id":4271,"href":"https:\/\/franciscopoyato.com\/es\/wp-json\/wp\/v2\/pages\/2356\/revisions\/4271"}],"wp:attachment":[{"href":"https:\/\/franciscopoyato.com\/es\/wp-json\/wp\/v2\/media?parent=2356"}],"curies":[{"name":"wp","href":"https:\/\/api.w.org\/{rel}","templated":true}]}}