{"id":2351,"date":"2023-11-13T11:18:42","date_gmt":"2023-11-13T11:18:42","guid":{"rendered":"https:\/\/franciscopoyato.com\/?page_id=2351"},"modified":"2024-02-11T22:49:58","modified_gmt":"2024-02-11T22:49:58","slug":"enigma-garreta","status":"publish","type":"page","link":"https:\/\/franciscopoyato.com\/es\/enigma-garreta\/","title":{"rendered":"ENIGMA GARRETA"},"content":{"rendered":"\t\t<div data-elementor-type=\"wp-page\" data-elementor-id=\"2351\" class=\"elementor elementor-2351\" data-elementor-post-type=\"page\">\n\t\t\t\t<div class=\"elementor-element elementor-element-e95844b e-flex e-con-boxed e-con e-parent\" data-id=\"e95844b\" data-element_type=\"container\">\n\t\t\t\t\t<div class=\"e-con-inner\">\n\t\t<div class=\"elementor-element elementor-element-be62a9f e-con-full e-flex e-con e-child\" data-id=\"be62a9f\" data-element_type=\"container\">\n\t\t<div class=\"elementor-element elementor-element-772c766 e-con-full e-flex e-con e-child\" data-id=\"772c766\" data-element_type=\"container\">\n\t\t\t\t<div class=\"elementor-element elementor-element-15d9ab7 elementor-widget elementor-widget-image\" data-id=\"15d9ab7\" data-element_type=\"widget\" data-widget_type=\"image.default\">\n\t\t\t\t<div class=\"elementor-widget-container\">\n\t\t\t<style>\/*! elementor - v3.22.0 - 26-06-2024 *\/\n.elementor-widget-image{text-align:center}.elementor-widget-image a{display:inline-block}.elementor-widget-image a img[src$=\".svg\"]{width:48px}.elementor-widget-image img{vertical-align:middle;display:inline-block}<\/style>\t\t\t\t\t\t\t\t\t\t<img fetchpriority=\"high\" decoding=\"async\" width=\"800\" height=\"534\" src=\"https:\/\/franciscopoyato.com\/wp-content\/uploads\/2023\/11\/Propuesta-3-Enigma-Garreta-Imagen-2-1024x683.jpeg\" class=\"attachment-large size-large wp-image-2550\" alt=\"retrato tres personas en un escenario\" srcset=\"https:\/\/franciscopoyato.com\/wp-content\/uploads\/2023\/11\/Propuesta-3-Enigma-Garreta-Imagen-2-1024x683.jpeg 1024w, https:\/\/franciscopoyato.com\/wp-content\/uploads\/2023\/11\/Propuesta-3-Enigma-Garreta-Imagen-2-300x200.jpeg 300w, https:\/\/franciscopoyato.com\/wp-content\/uploads\/2023\/11\/Propuesta-3-Enigma-Garreta-Imagen-2-768x512.jpeg 768w, https:\/\/franciscopoyato.com\/wp-content\/uploads\/2023\/11\/Propuesta-3-Enigma-Garreta-Imagen-2-1536x1024.jpeg 1536w, https:\/\/franciscopoyato.com\/wp-content\/uploads\/2023\/11\/Propuesta-3-Enigma-Garreta-Imagen-2-2048x1365.jpeg 2048w\" sizes=\"(max-width: 800px) 100vw, 800px\" \/>\t\t\t\t\t\t\t\t\t\t\t\t\t<\/div>\n\t\t\t\t<\/div>\n\t\t\t\t<div class=\"elementor-element elementor-element-880bd82 elementor-widget__width-inherit elementor-widget elementor-widget-text-editor\" data-id=\"880bd82\" data-element_type=\"widget\" data-widget_type=\"text-editor.default\">\n\t\t\t\t<div class=\"elementor-widget-container\">\n\t\t\t<style>\/*! elementor - v3.22.0 - 26-06-2024 *\/\n.elementor-widget-text-editor.elementor-drop-cap-view-stacked .elementor-drop-cap{background-color:#69727d;color:#fff}.elementor-widget-text-editor.elementor-drop-cap-view-framed .elementor-drop-cap{color:#69727d;border:3px solid;background-color:transparent}.elementor-widget-text-editor:not(.elementor-drop-cap-view-default) .elementor-drop-cap{margin-top:8px}.elementor-widget-text-editor:not(.elementor-drop-cap-view-default) .elementor-drop-cap-letter{width:1em;height:1em}.elementor-widget-text-editor .elementor-drop-cap{float:left;text-align:center;line-height:1;font-size:50px}.elementor-widget-text-editor .elementor-drop-cap-letter{display:inline-block}<\/style>\t\t\t\t<p><span style=\"font-weight: 400;\">Roger Padull\u00e9s, tenor<\/span><\/p><p>Paula Blanco, actriz<\/p><p><span style=\"font-weight: 400;\">Francisco Poyato, piano<\/span><\/p>\t\t\t\t\t\t<\/div>\n\t\t\t\t<\/div>\n\t\t\t\t<\/div>\n\t\t<div class=\"elementor-element elementor-element-05741dc e-con-full e-flex e-con e-child\" data-id=\"05741dc\" data-element_type=\"container\">\n\t\t\t\t<div class=\"elementor-element elementor-element-d9c6e95 elementor-widget elementor-widget-text-editor\" data-id=\"d9c6e95\" data-element_type=\"widget\" data-widget_type=\"text-editor.default\">\n\t\t\t\t<div class=\"elementor-widget-container\">\n\t\t\t\t\t\t\t<p><span style=\"font-weight: 400;\">Recordado sobretodo como compositor de sardanas, buena parte de la obra que escribi\u00f3 Juli Garreta (Sant Feliu de Gu\u00edxols, 1875-1925) contin\u00faa siendo una desconocida para el gran p\u00fablico. Personaje singular tanto en su vida como en la originalidad de su obra, en &#8216;Enigma Garreta&#8217; se desvela la inc\u00f3gnita de c\u00f3mo un relojero de pueblo pudo llegar a semejantes metas compositivas. Lo hacemos a trav\u00e9s de sus canciones para voz y piano, peque\u00f1as maravillas de orfebrer\u00eda musical que nos acercan a momentos de la vida del genial compositor.<\/span><\/p><p><span style=\"font-weight: 400;\">Este recital teatralizado presenta la figura real, rescatada del pasado, de la sobrina de Garreta. De su mano y a trav\u00e9s de fotograf\u00edas de la \u00e9poca se dan las claves para entender una \u00e9poca de la historia de Catalunya desde la singularidad de una localidad de la Costa Brava.<\/span><\/p><p><span style=\"font-weight: 400;\">\u00a0<\/span><\/p><p><span style=\"font-weight: 400;\">Contacto: <\/span><a href=\"https:\/\/www.albacastells.com\/\" target=\"_blank\" rel=\"noopener\"><span style=\"font-weight: 400;\">https:\/\/www.albacastells.com<\/span><\/a><\/p>\t\t\t\t\t\t<\/div>\n\t\t\t\t<\/div>\n\t\t\t\t<div class=\"elementor-element elementor-element-55f122f elementor-widget elementor-widget-video\" data-id=\"55f122f\" data-element_type=\"widget\" data-settings=\"{&quot;youtube_url&quot;:&quot;https:\\\/\\\/youtu.be\\\/XWurae-ljSc?si=QnFJJ4AWVOdxvrAD&quot;,&quot;video_type&quot;:&quot;youtube&quot;,&quot;controls&quot;:&quot;yes&quot;}\" data-widget_type=\"video.default\">\n\t\t\t\t<div class=\"elementor-widget-container\">\n\t\t\t<style>\/*! elementor - v3.22.0 - 26-06-2024 *\/\n.elementor-widget-video .elementor-widget-container{overflow:hidden;transform:translateZ(0)}.elementor-widget-video .elementor-wrapper{aspect-ratio:var(--video-aspect-ratio)}.elementor-widget-video .elementor-wrapper iframe,.elementor-widget-video .elementor-wrapper video{height:100%;width:100%;display:flex;border:none;background-color:#000}@supports not (aspect-ratio:1\/1){.elementor-widget-video .elementor-wrapper{position:relative;overflow:hidden;height:0;padding-bottom:calc(100% \/ var(--video-aspect-ratio))}.elementor-widget-video .elementor-wrapper iframe,.elementor-widget-video .elementor-wrapper video{position:absolute;top:0;right:0;bottom:0;left:0}}.elementor-widget-video .elementor-open-inline .elementor-custom-embed-image-overlay{position:absolute;top:0;right:0;bottom:0;left:0;background-size:cover;background-position:50%}.elementor-widget-video .elementor-custom-embed-image-overlay{cursor:pointer;text-align:center}.elementor-widget-video .elementor-custom-embed-image-overlay:hover .elementor-custom-embed-play i{opacity:1}.elementor-widget-video .elementor-custom-embed-image-overlay img{display:block;width:100%;aspect-ratio:var(--video-aspect-ratio);-o-object-fit:cover;object-fit:cover;-o-object-position:center center;object-position:center center}@supports not (aspect-ratio:1\/1){.elementor-widget-video .elementor-custom-embed-image-overlay{position:relative;overflow:hidden;height:0;padding-bottom:calc(100% \/ var(--video-aspect-ratio))}.elementor-widget-video .elementor-custom-embed-image-overlay img{position:absolute;top:0;right:0;bottom:0;left:0}}.elementor-widget-video .e-hosted-video .elementor-video{-o-object-fit:cover;object-fit:cover}.e-con-inner>.elementor-widget-video,.e-con>.elementor-widget-video{width:var(--container-widget-width);--flex-grow:var(--container-widget-flex-grow)}<\/style>\t\t<div class=\"elementor-wrapper elementor-open-inline\">\n\t\t\t<div class=\"elementor-video\"><\/div>\t\t<\/div>\n\t\t\t\t<\/div>\n\t\t\t\t<\/div>\n\t\t\t\t<\/div>\n\t\t\t\t<\/div>\n\t\t\t\t\t<\/div>\n\t\t\t\t<\/div>\n\t\t<div class=\"elementor-element elementor-element-440c9b2 e-flex e-con-boxed e-con e-parent\" data-id=\"440c9b2\" data-element_type=\"container\">\n\t\t\t\t\t<div class=\"e-con-inner\">\n\t\t\t\t\t<\/div>\n\t\t\t\t<\/div>\n\t\t\t\t<\/div>\n\t\t","protected":false},"excerpt":{"rendered":"<p>Roger Padull\u00e9s, tenor Paula Blanco, actriz Francisco Poyato, piano Recordado sobretodo como compositor de sardanas, buena parte de la obra que escribi\u00f3 Juli Garreta (Sant Feliu de Gu\u00edxols, 1875-1925) contin\u00faa siendo una desconocida para el gran p\u00fablico. Personaje singular tanto en su vida como en la originalidad de su obra, en &#8216;Enigma Garreta&#8217; se desvela [&hellip;]<\/p>\n","protected":false},"author":1,"featured_media":0,"parent":0,"menu_order":0,"comment_status":"closed","ping_status":"closed","template":"","meta":{"footnotes":""},"yoast_head":"<!-- This site is optimized with the Yoast SEO plugin v23.0 - https:\/\/yoast.com\/wordpress\/plugins\/seo\/ -->\n<title>ENIGMA GARRETA - Francisco Poyato<\/title>\n<meta name=\"robots\" content=\"index, follow, max-snippet:-1, max-image-preview:large, max-video-preview:-1\" \/>\n<link rel=\"canonical\" href=\"https:\/\/franciscopoyato.com\/es\/enigma-garreta\/\" \/>\n<meta property=\"og:locale\" content=\"es_ES\" \/>\n<meta property=\"og:type\" content=\"article\" \/>\n<meta property=\"og:title\" content=\"ENIGMA GARRETA - Francisco Poyato\" \/>\n<meta property=\"og:description\" content=\"Roger Padull\u00e9s, tenor Paula Blanco, actriz Francisco Poyato, piano Recordado sobretodo como compositor de sardanas, buena parte de la obra que escribi\u00f3 Juli Garreta (Sant Feliu de Gu\u00edxols, 1875-1925) contin\u00faa siendo una desconocida para el gran p\u00fablico. Personaje singular tanto en su vida como en la originalidad de su obra, en &#8216;Enigma Garreta&#8217; se desvela [&hellip;]\" \/>\n<meta property=\"og:url\" content=\"https:\/\/franciscopoyato.com\/es\/enigma-garreta\/\" \/>\n<meta property=\"og:site_name\" content=\"Francisco Poyato\" \/>\n<meta property=\"article:modified_time\" content=\"2024-02-11T22:49:58+00:00\" \/>\n<meta property=\"og:image\" content=\"https:\/\/franciscopoyato.com\/wp-content\/uploads\/2023\/11\/Propuesta-3-Enigma-Garreta-Imagen-2-1024x683.jpeg\" \/>\n<meta name=\"twitter:card\" content=\"summary_large_image\" \/>\n<meta name=\"twitter:label1\" content=\"Tiempo de lectura\" \/>\n\t<meta name=\"twitter:data1\" content=\"1 minuto\" \/>\n<script type=\"application\/ld+json\" class=\"yoast-schema-graph\">{\"@context\":\"https:\/\/schema.org\",\"@graph\":[{\"@type\":\"WebPage\",\"@id\":\"https:\/\/franciscopoyato.com\/es\/enigma-garreta\/\",\"url\":\"https:\/\/franciscopoyato.com\/es\/enigma-garreta\/\",\"name\":\"ENIGMA GARRETA - Francisco Poyato\",\"isPartOf\":{\"@id\":\"https:\/\/franciscopoyato.com\/es\/#website\"},\"primaryImageOfPage\":{\"@id\":\"https:\/\/franciscopoyato.com\/es\/enigma-garreta\/#primaryimage\"},\"image\":{\"@id\":\"https:\/\/franciscopoyato.com\/es\/enigma-garreta\/#primaryimage\"},\"thumbnailUrl\":\"https:\/\/franciscopoyato.com\/wp-content\/uploads\/2023\/11\/Propuesta-3-Enigma-Garreta-Imagen-2-1024x683.jpeg\",\"datePublished\":\"2023-11-13T11:18:42+00:00\",\"dateModified\":\"2024-02-11T22:49:58+00:00\",\"breadcrumb\":{\"@id\":\"https:\/\/franciscopoyato.com\/es\/enigma-garreta\/#breadcrumb\"},\"inLanguage\":\"es\",\"potentialAction\":[{\"@type\":\"ReadAction\",\"target\":[\"https:\/\/franciscopoyato.com\/es\/enigma-garreta\/\"]}]},{\"@type\":\"ImageObject\",\"inLanguage\":\"es\",\"@id\":\"https:\/\/franciscopoyato.com\/es\/enigma-garreta\/#primaryimage\",\"url\":\"https:\/\/franciscopoyato.com\/wp-content\/uploads\/2023\/11\/Propuesta-3-Enigma-Garreta-Imagen-2-1024x683.jpeg\",\"contentUrl\":\"https:\/\/franciscopoyato.com\/wp-content\/uploads\/2023\/11\/Propuesta-3-Enigma-Garreta-Imagen-2-1024x683.jpeg\"},{\"@type\":\"BreadcrumbList\",\"@id\":\"https:\/\/franciscopoyato.com\/es\/enigma-garreta\/#breadcrumb\",\"itemListElement\":[{\"@type\":\"ListItem\",\"position\":1,\"name\":\"Portada\",\"item\":\"https:\/\/franciscopoyato.com\/es\/\"},{\"@type\":\"ListItem\",\"position\":2,\"name\":\"ENIGMA GARRETA\"}]},{\"@type\":\"WebSite\",\"@id\":\"https:\/\/franciscopoyato.com\/es\/#website\",\"url\":\"https:\/\/franciscopoyato.com\/es\/\",\"name\":\"Francisco Poyato\",\"description\":\"pianista \",\"publisher\":{\"@id\":\"https:\/\/franciscopoyato.com\/es\/#organization\"},\"potentialAction\":[{\"@type\":\"SearchAction\",\"target\":{\"@type\":\"EntryPoint\",\"urlTemplate\":\"https:\/\/franciscopoyato.com\/es\/?s={search_term_string}\"},\"query-input\":\"required name=search_term_string\"}],\"inLanguage\":\"es\"},{\"@type\":\"Organization\",\"@id\":\"https:\/\/franciscopoyato.com\/es\/#organization\",\"name\":\"Francisco Poyato\",\"url\":\"https:\/\/franciscopoyato.com\/es\/\",\"logo\":{\"@type\":\"ImageObject\",\"inLanguage\":\"es\",\"@id\":\"https:\/\/franciscopoyato.com\/es\/#\/schema\/logo\/image\/\",\"url\":\"https:\/\/franciscopoyato.com\/wp-content\/uploads\/2023\/11\/cropped-Foto-definitiva.-Sobre-mi-scaled-1.jpg\",\"contentUrl\":\"https:\/\/franciscopoyato.com\/wp-content\/uploads\/2023\/11\/cropped-Foto-definitiva.-Sobre-mi-scaled-1.jpg\",\"width\":1438,\"height\":1274,\"caption\":\"Francisco Poyato \"},\"image\":{\"@id\":\"https:\/\/franciscopoyato.com\/es\/#\/schema\/logo\/image\/\"}}]}<\/script>\n<!-- \/ Yoast SEO plugin. -->","yoast_head_json":{"title":"ENIGMA GARRETA - Francisco Poyato","robots":{"index":"index","follow":"follow","max-snippet":"max-snippet:-1","max-image-preview":"max-image-preview:large","max-video-preview":"max-video-preview:-1"},"canonical":"https:\/\/franciscopoyato.com\/es\/enigma-garreta\/","og_locale":"es_ES","og_type":"article","og_title":"ENIGMA GARRETA - Francisco Poyato","og_description":"Roger Padull\u00e9s, tenor Paula Blanco, actriz Francisco Poyato, piano Recordado sobretodo como compositor de sardanas, buena parte de la obra que escribi\u00f3 Juli Garreta (Sant Feliu de Gu\u00edxols, 1875-1925) contin\u00faa siendo una desconocida para el gran p\u00fablico. Personaje singular tanto en su vida como en la originalidad de su obra, en &#8216;Enigma Garreta&#8217; se desvela [&hellip;]","og_url":"https:\/\/franciscopoyato.com\/es\/enigma-garreta\/","og_site_name":"Francisco Poyato","article_modified_time":"2024-02-11T22:49:58+00:00","og_image":[{"url":"https:\/\/franciscopoyato.com\/wp-content\/uploads\/2023\/11\/Propuesta-3-Enigma-Garreta-Imagen-2-1024x683.jpeg"}],"twitter_card":"summary_large_image","twitter_misc":{"Tiempo de lectura":"1 minuto"},"schema":{"@context":"https:\/\/schema.org","@graph":[{"@type":"WebPage","@id":"https:\/\/franciscopoyato.com\/es\/enigma-garreta\/","url":"https:\/\/franciscopoyato.com\/es\/enigma-garreta\/","name":"ENIGMA GARRETA - Francisco Poyato","isPartOf":{"@id":"https:\/\/franciscopoyato.com\/es\/#website"},"primaryImageOfPage":{"@id":"https:\/\/franciscopoyato.com\/es\/enigma-garreta\/#primaryimage"},"image":{"@id":"https:\/\/franciscopoyato.com\/es\/enigma-garreta\/#primaryimage"},"thumbnailUrl":"https:\/\/franciscopoyato.com\/wp-content\/uploads\/2023\/11\/Propuesta-3-Enigma-Garreta-Imagen-2-1024x683.jpeg","datePublished":"2023-11-13T11:18:42+00:00","dateModified":"2024-02-11T22:49:58+00:00","breadcrumb":{"@id":"https:\/\/franciscopoyato.com\/es\/enigma-garreta\/#breadcrumb"},"inLanguage":"es","potentialAction":[{"@type":"ReadAction","target":["https:\/\/franciscopoyato.com\/es\/enigma-garreta\/"]}]},{"@type":"ImageObject","inLanguage":"es","@id":"https:\/\/franciscopoyato.com\/es\/enigma-garreta\/#primaryimage","url":"https:\/\/franciscopoyato.com\/wp-content\/uploads\/2023\/11\/Propuesta-3-Enigma-Garreta-Imagen-2-1024x683.jpeg","contentUrl":"https:\/\/franciscopoyato.com\/wp-content\/uploads\/2023\/11\/Propuesta-3-Enigma-Garreta-Imagen-2-1024x683.jpeg"},{"@type":"BreadcrumbList","@id":"https:\/\/franciscopoyato.com\/es\/enigma-garreta\/#breadcrumb","itemListElement":[{"@type":"ListItem","position":1,"name":"Portada","item":"https:\/\/franciscopoyato.com\/es\/"},{"@type":"ListItem","position":2,"name":"ENIGMA GARRETA"}]},{"@type":"WebSite","@id":"https:\/\/franciscopoyato.com\/es\/#website","url":"https:\/\/franciscopoyato.com\/es\/","name":"Francisco Poyato","description":"pianista ","publisher":{"@id":"https:\/\/franciscopoyato.com\/es\/#organization"},"potentialAction":[{"@type":"SearchAction","target":{"@type":"EntryPoint","urlTemplate":"https:\/\/franciscopoyato.com\/es\/?s={search_term_string}"},"query-input":"required name=search_term_string"}],"inLanguage":"es"},{"@type":"Organization","@id":"https:\/\/franciscopoyato.com\/es\/#organization","name":"Francisco Poyato","url":"https:\/\/franciscopoyato.com\/es\/","logo":{"@type":"ImageObject","inLanguage":"es","@id":"https:\/\/franciscopoyato.com\/es\/#\/schema\/logo\/image\/","url":"https:\/\/franciscopoyato.com\/wp-content\/uploads\/2023\/11\/cropped-Foto-definitiva.-Sobre-mi-scaled-1.jpg","contentUrl":"https:\/\/franciscopoyato.com\/wp-content\/uploads\/2023\/11\/cropped-Foto-definitiva.-Sobre-mi-scaled-1.jpg","width":1438,"height":1274,"caption":"Francisco Poyato "},"image":{"@id":"https:\/\/franciscopoyato.com\/es\/#\/schema\/logo\/image\/"}}]}},"_links":{"self":[{"href":"https:\/\/franciscopoyato.com\/es\/wp-json\/wp\/v2\/pages\/2351"}],"collection":[{"href":"https:\/\/franciscopoyato.com\/es\/wp-json\/wp\/v2\/pages"}],"about":[{"href":"https:\/\/franciscopoyato.com\/es\/wp-json\/wp\/v2\/types\/page"}],"author":[{"embeddable":true,"href":"https:\/\/franciscopoyato.com\/es\/wp-json\/wp\/v2\/users\/1"}],"replies":[{"embeddable":true,"href":"https:\/\/franciscopoyato.com\/es\/wp-json\/wp\/v2\/comments?post=2351"}],"version-history":[{"count":76,"href":"https:\/\/franciscopoyato.com\/es\/wp-json\/wp\/v2\/pages\/2351\/revisions"}],"predecessor-version":[{"id":4219,"href":"https:\/\/franciscopoyato.com\/es\/wp-json\/wp\/v2\/pages\/2351\/revisions\/4219"}],"wp:attachment":[{"href":"https:\/\/franciscopoyato.com\/es\/wp-json\/wp\/v2\/media?parent=2351"}],"curies":[{"name":"wp","href":"https:\/\/api.w.org\/{rel}","templated":true}]}}