{"id":2342,"date":"2023-11-13T11:17:27","date_gmt":"2023-11-13T11:17:27","guid":{"rendered":"https:\/\/franciscopoyato.com\/?page_id=2342"},"modified":"2023-11-28T08:49:55","modified_gmt":"2023-11-28T08:49:55","slug":"delicatessen","status":"publish","type":"page","link":"https:\/\/franciscopoyato.com\/es\/delicatessen\/","title":{"rendered":"DELICATESSEN"},"content":{"rendered":"\t\t<div data-elementor-type=\"wp-page\" data-elementor-id=\"2342\" class=\"elementor elementor-2342\" data-elementor-post-type=\"page\">\n\t\t\t\t<div class=\"elementor-element elementor-element-e53b7ca e-flex e-con-boxed e-con e-parent\" data-id=\"e53b7ca\" data-element_type=\"container\">\n\t\t\t\t\t<div class=\"e-con-inner\">\n\t\t<div class=\"elementor-element elementor-element-6143071 e-con-full e-flex e-con e-child\" data-id=\"6143071\" data-element_type=\"container\">\n\t\t<div class=\"elementor-element elementor-element-cbe5c26 e-con-full e-flex e-con e-child\" data-id=\"cbe5c26\" data-element_type=\"container\">\n\t\t\t\t<div class=\"elementor-element elementor-element-6de1e46 elementor-widget__width-initial elementor-widget elementor-widget-image\" data-id=\"6de1e46\" data-element_type=\"widget\" data-widget_type=\"image.default\">\n\t\t\t\t<div class=\"elementor-widget-container\">\n\t\t\t<style>\/*! elementor - v3.22.0 - 26-06-2024 *\/\n.elementor-widget-image{text-align:center}.elementor-widget-image a{display:inline-block}.elementor-widget-image a img[src$=\".svg\"]{width:48px}.elementor-widget-image img{vertical-align:middle;display:inline-block}<\/style>\t\t\t\t\t\t\t\t\t\t<img fetchpriority=\"high\" decoding=\"async\" width=\"800\" height=\"534\" src=\"https:\/\/franciscopoyato.com\/wp-content\/uploads\/2023\/11\/Propuesta-2.-Delicatesen.-Foto-interior-interpretes-1024x683.jpg\" class=\"attachment-large size-large wp-image-3058\" alt=\"retrato interpretes propuesta Delicatesen\" srcset=\"https:\/\/franciscopoyato.com\/wp-content\/uploads\/2023\/11\/Propuesta-2.-Delicatesen.-Foto-interior-interpretes-1024x683.jpg 1024w, https:\/\/franciscopoyato.com\/wp-content\/uploads\/2023\/11\/Propuesta-2.-Delicatesen.-Foto-interior-interpretes-300x200.jpg 300w, https:\/\/franciscopoyato.com\/wp-content\/uploads\/2023\/11\/Propuesta-2.-Delicatesen.-Foto-interior-interpretes-768x512.jpg 768w, https:\/\/franciscopoyato.com\/wp-content\/uploads\/2023\/11\/Propuesta-2.-Delicatesen.-Foto-interior-interpretes-1536x1024.jpg 1536w, https:\/\/franciscopoyato.com\/wp-content\/uploads\/2023\/11\/Propuesta-2.-Delicatesen.-Foto-interior-interpretes.jpg 1800w\" sizes=\"(max-width: 800px) 100vw, 800px\" \/>\t\t\t\t\t\t\t\t\t\t\t\t\t<\/div>\n\t\t\t\t<\/div>\n\t\t\t\t<div class=\"elementor-element elementor-element-3afa675 elementor-widget__width-initial elementor-widget elementor-widget-text-editor\" data-id=\"3afa675\" data-element_type=\"widget\" data-widget_type=\"text-editor.default\">\n\t\t\t\t<div class=\"elementor-widget-container\">\n\t\t\t<style>\/*! elementor - v3.22.0 - 26-06-2024 *\/\n.elementor-widget-text-editor.elementor-drop-cap-view-stacked .elementor-drop-cap{background-color:#69727d;color:#fff}.elementor-widget-text-editor.elementor-drop-cap-view-framed .elementor-drop-cap{color:#69727d;border:3px solid;background-color:transparent}.elementor-widget-text-editor:not(.elementor-drop-cap-view-default) .elementor-drop-cap{margin-top:8px}.elementor-widget-text-editor:not(.elementor-drop-cap-view-default) .elementor-drop-cap-letter{width:1em;height:1em}.elementor-widget-text-editor .elementor-drop-cap{float:left;text-align:center;line-height:1;font-size:50px}.elementor-widget-text-editor .elementor-drop-cap-letter{display:inline-block}<\/style>\t\t\t\t<p><span style=\"font-weight: 400;\">Mercedes Gancedo, soprano<\/span><\/p><p><span style=\"font-weight: 400;\">Elisabeth Franch, flauta<\/span><\/p><p><span style=\"font-weight: 400;\">Oriol Prat, violoncelo<\/span><\/p><p><span style=\"font-weight: 400;\">Francisco Poyato, piano<\/span><\/p>\t\t\t\t\t\t<\/div>\n\t\t\t\t<\/div>\n\t\t\t\t<\/div>\n\t\t<div class=\"elementor-element elementor-element-41a9901 e-con-full e-flex e-con e-child\" data-id=\"41a9901\" data-element_type=\"container\">\n\t\t\t\t<div class=\"elementor-element elementor-element-0649f90 elementor-widget__width-initial elementor-widget elementor-widget-text-editor\" data-id=\"0649f90\" data-element_type=\"widget\" data-widget_type=\"text-editor.default\">\n\t\t\t\t<div class=\"elementor-widget-container\">\n\t\t\t\t\t\t\t<p><span style=\"font-weight: 400;\">Obras para voz, flauta, violoncelo y piano<\/span><\/p><p><span style=\"font-weight: 400;\">Delicatessen es una formaci\u00f3n singular, con una t\u00edmbrica refinada y sugerente, donde la sensualidad de la relaci\u00f3n entre flauta y voz, alimentadas por la profundidad del violoncelo, se envuelven en la riqueza arm\u00f3nica del piano.\u00a0<\/span><\/p><p><i><span style=\"font-weight: 400;\">Canciones de naturaleza y despedida<\/span><\/i><span style=\"font-weight: 400;\"> de James F. Brown sobre poemas de Saint-Sa\u00ebns, <\/span><i><span style=\"font-weight: 400;\">Perspectiva<\/span><\/i><span style=\"font-weight: 400;\"> de Kaija Saariaho sobre un poema de H\u00f6lderlin y <\/span><i><span style=\"font-weight: 400;\">Las noches de \u00c1frica <\/span><\/i><span style=\"font-weight: 400;\">de Judith Weir son herederas de las <\/span><i><span style=\"font-weight: 400;\">Canciones de Madagascar<\/span><\/i><span style=\"font-weight: 400;\"> de Maurice Ravel. La modernidad, minimalismo y erotismo de esta obra, hija a su vez del <\/span><i><span style=\"font-weight: 400;\">Pierrot lunaire<\/span><\/i><span style=\"font-weight: 400;\"> de Schoenberg, conforman el refinado aroma inherente a este programa. Como acompa\u00f1amiento a estas delicatessen para cuarteto, contamos con varios tr\u00edos desde Massenet y Saint-Sa\u00ebns a Frank Martin, Andr\u00e9 Pr\u00e9vin y un d\u00fao, los\u00a0 <\/span><i><span style=\"font-weight: 400;\">poemas de Akhmatova<\/span><\/i><span style=\"font-weight: 400;\"> de Tavener.<\/span><\/p><p><span style=\"font-weight: 400;\">Obras de Ravel, Massenet, Saint-Sa\u00ebns, Brown, Weir, Martin, Tavener, Pr\u00e9vin i Casals.<\/span><\/p>\t\t\t\t\t\t<\/div>\n\t\t\t\t<\/div>\n\t\t\t\t<\/div>\n\t\t\t\t<\/div>\n\t\t\t\t\t<\/div>\n\t\t\t\t<\/div>\n\t\t<div class=\"elementor-element elementor-element-905647d e-flex e-con-boxed e-con e-parent\" data-id=\"905647d\" data-element_type=\"container\">\n\t\t\t\t\t<div class=\"e-con-inner\">\n\t\t\t\t\t<\/div>\n\t\t\t\t<\/div>\n\t\t\t\t<\/div>\n\t\t","protected":false},"excerpt":{"rendered":"<p>Mercedes Gancedo, soprano Elisabeth Franch, flauta Oriol Prat, violoncelo Francisco Poyato, piano Obras para voz, flauta, violoncelo y piano Delicatessen es una formaci\u00f3n singular, con una t\u00edmbrica refinada y sugerente, donde la sensualidad de la relaci\u00f3n entre flauta y voz, alimentadas por la profundidad del violoncelo, se envuelven en la riqueza arm\u00f3nica del piano.\u00a0 Canciones [&hellip;]<\/p>\n","protected":false},"author":1,"featured_media":0,"parent":0,"menu_order":0,"comment_status":"closed","ping_status":"closed","template":"","meta":{"footnotes":""},"yoast_head":"<!-- This site is optimized with the Yoast SEO plugin v23.0 - https:\/\/yoast.com\/wordpress\/plugins\/seo\/ -->\n<title>DELICATESSEN - Francisco Poyato<\/title>\n<meta name=\"robots\" content=\"index, follow, max-snippet:-1, max-image-preview:large, max-video-preview:-1\" \/>\n<link rel=\"canonical\" href=\"https:\/\/franciscopoyato.com\/es\/delicatessen\/\" \/>\n<meta property=\"og:locale\" content=\"es_ES\" \/>\n<meta property=\"og:type\" content=\"article\" \/>\n<meta property=\"og:title\" content=\"DELICATESSEN - Francisco Poyato\" \/>\n<meta property=\"og:description\" content=\"Mercedes Gancedo, soprano Elisabeth Franch, flauta Oriol Prat, violoncelo Francisco Poyato, piano Obras para voz, flauta, violoncelo y piano Delicatessen es una formaci\u00f3n singular, con una t\u00edmbrica refinada y sugerente, donde la sensualidad de la relaci\u00f3n entre flauta y voz, alimentadas por la profundidad del violoncelo, se envuelven en la riqueza arm\u00f3nica del piano.\u00a0 Canciones [&hellip;]\" \/>\n<meta property=\"og:url\" content=\"https:\/\/franciscopoyato.com\/es\/delicatessen\/\" \/>\n<meta property=\"og:site_name\" content=\"Francisco Poyato\" \/>\n<meta property=\"article:modified_time\" content=\"2023-11-28T08:49:55+00:00\" \/>\n<meta property=\"og:image\" content=\"https:\/\/franciscopoyato.com\/wp-content\/uploads\/2023\/11\/Propuesta-2.-Delicatesen.-Foto-interior-interpretes-1024x683.jpg\" \/>\n<meta name=\"twitter:card\" content=\"summary_large_image\" \/>\n<meta name=\"twitter:label1\" content=\"Tiempo de lectura\" \/>\n\t<meta name=\"twitter:data1\" content=\"1 minuto\" \/>\n<script type=\"application\/ld+json\" class=\"yoast-schema-graph\">{\"@context\":\"https:\/\/schema.org\",\"@graph\":[{\"@type\":\"WebPage\",\"@id\":\"https:\/\/franciscopoyato.com\/es\/delicatessen\/\",\"url\":\"https:\/\/franciscopoyato.com\/es\/delicatessen\/\",\"name\":\"DELICATESSEN - Francisco Poyato\",\"isPartOf\":{\"@id\":\"https:\/\/franciscopoyato.com\/es\/#website\"},\"primaryImageOfPage\":{\"@id\":\"https:\/\/franciscopoyato.com\/es\/delicatessen\/#primaryimage\"},\"image\":{\"@id\":\"https:\/\/franciscopoyato.com\/es\/delicatessen\/#primaryimage\"},\"thumbnailUrl\":\"https:\/\/franciscopoyato.com\/wp-content\/uploads\/2023\/11\/Propuesta-2.-Delicatesen.-Foto-interior-interpretes-1024x683.jpg\",\"datePublished\":\"2023-11-13T11:17:27+00:00\",\"dateModified\":\"2023-11-28T08:49:55+00:00\",\"breadcrumb\":{\"@id\":\"https:\/\/franciscopoyato.com\/es\/delicatessen\/#breadcrumb\"},\"inLanguage\":\"es\",\"potentialAction\":[{\"@type\":\"ReadAction\",\"target\":[\"https:\/\/franciscopoyato.com\/es\/delicatessen\/\"]}]},{\"@type\":\"ImageObject\",\"inLanguage\":\"es\",\"@id\":\"https:\/\/franciscopoyato.com\/es\/delicatessen\/#primaryimage\",\"url\":\"https:\/\/franciscopoyato.com\/wp-content\/uploads\/2023\/11\/Propuesta-2.-Delicatesen.-Foto-interior-interpretes-1024x683.jpg\",\"contentUrl\":\"https:\/\/franciscopoyato.com\/wp-content\/uploads\/2023\/11\/Propuesta-2.-Delicatesen.-Foto-interior-interpretes-1024x683.jpg\"},{\"@type\":\"BreadcrumbList\",\"@id\":\"https:\/\/franciscopoyato.com\/es\/delicatessen\/#breadcrumb\",\"itemListElement\":[{\"@type\":\"ListItem\",\"position\":1,\"name\":\"Portada\",\"item\":\"https:\/\/franciscopoyato.com\/es\/\"},{\"@type\":\"ListItem\",\"position\":2,\"name\":\"DELICATESSEN\"}]},{\"@type\":\"WebSite\",\"@id\":\"https:\/\/franciscopoyato.com\/es\/#website\",\"url\":\"https:\/\/franciscopoyato.com\/es\/\",\"name\":\"Francisco Poyato\",\"description\":\"pianista \",\"publisher\":{\"@id\":\"https:\/\/franciscopoyato.com\/es\/#organization\"},\"potentialAction\":[{\"@type\":\"SearchAction\",\"target\":{\"@type\":\"EntryPoint\",\"urlTemplate\":\"https:\/\/franciscopoyato.com\/es\/?s={search_term_string}\"},\"query-input\":\"required name=search_term_string\"}],\"inLanguage\":\"es\"},{\"@type\":\"Organization\",\"@id\":\"https:\/\/franciscopoyato.com\/es\/#organization\",\"name\":\"Francisco Poyato\",\"url\":\"https:\/\/franciscopoyato.com\/es\/\",\"logo\":{\"@type\":\"ImageObject\",\"inLanguage\":\"es\",\"@id\":\"https:\/\/franciscopoyato.com\/es\/#\/schema\/logo\/image\/\",\"url\":\"https:\/\/franciscopoyato.com\/wp-content\/uploads\/2023\/11\/cropped-Foto-definitiva.-Sobre-mi-scaled-1.jpg\",\"contentUrl\":\"https:\/\/franciscopoyato.com\/wp-content\/uploads\/2023\/11\/cropped-Foto-definitiva.-Sobre-mi-scaled-1.jpg\",\"width\":1438,\"height\":1274,\"caption\":\"Francisco Poyato \"},\"image\":{\"@id\":\"https:\/\/franciscopoyato.com\/es\/#\/schema\/logo\/image\/\"}}]}<\/script>\n<!-- \/ Yoast SEO plugin. -->","yoast_head_json":{"title":"DELICATESSEN - Francisco Poyato","robots":{"index":"index","follow":"follow","max-snippet":"max-snippet:-1","max-image-preview":"max-image-preview:large","max-video-preview":"max-video-preview:-1"},"canonical":"https:\/\/franciscopoyato.com\/es\/delicatessen\/","og_locale":"es_ES","og_type":"article","og_title":"DELICATESSEN - Francisco Poyato","og_description":"Mercedes Gancedo, soprano Elisabeth Franch, flauta Oriol Prat, violoncelo Francisco Poyato, piano Obras para voz, flauta, violoncelo y piano Delicatessen es una formaci\u00f3n singular, con una t\u00edmbrica refinada y sugerente, donde la sensualidad de la relaci\u00f3n entre flauta y voz, alimentadas por la profundidad del violoncelo, se envuelven en la riqueza arm\u00f3nica del piano.\u00a0 Canciones [&hellip;]","og_url":"https:\/\/franciscopoyato.com\/es\/delicatessen\/","og_site_name":"Francisco Poyato","article_modified_time":"2023-11-28T08:49:55+00:00","og_image":[{"url":"https:\/\/franciscopoyato.com\/wp-content\/uploads\/2023\/11\/Propuesta-2.-Delicatesen.-Foto-interior-interpretes-1024x683.jpg"}],"twitter_card":"summary_large_image","twitter_misc":{"Tiempo de lectura":"1 minuto"},"schema":{"@context":"https:\/\/schema.org","@graph":[{"@type":"WebPage","@id":"https:\/\/franciscopoyato.com\/es\/delicatessen\/","url":"https:\/\/franciscopoyato.com\/es\/delicatessen\/","name":"DELICATESSEN - Francisco Poyato","isPartOf":{"@id":"https:\/\/franciscopoyato.com\/es\/#website"},"primaryImageOfPage":{"@id":"https:\/\/franciscopoyato.com\/es\/delicatessen\/#primaryimage"},"image":{"@id":"https:\/\/franciscopoyato.com\/es\/delicatessen\/#primaryimage"},"thumbnailUrl":"https:\/\/franciscopoyato.com\/wp-content\/uploads\/2023\/11\/Propuesta-2.-Delicatesen.-Foto-interior-interpretes-1024x683.jpg","datePublished":"2023-11-13T11:17:27+00:00","dateModified":"2023-11-28T08:49:55+00:00","breadcrumb":{"@id":"https:\/\/franciscopoyato.com\/es\/delicatessen\/#breadcrumb"},"inLanguage":"es","potentialAction":[{"@type":"ReadAction","target":["https:\/\/franciscopoyato.com\/es\/delicatessen\/"]}]},{"@type":"ImageObject","inLanguage":"es","@id":"https:\/\/franciscopoyato.com\/es\/delicatessen\/#primaryimage","url":"https:\/\/franciscopoyato.com\/wp-content\/uploads\/2023\/11\/Propuesta-2.-Delicatesen.-Foto-interior-interpretes-1024x683.jpg","contentUrl":"https:\/\/franciscopoyato.com\/wp-content\/uploads\/2023\/11\/Propuesta-2.-Delicatesen.-Foto-interior-interpretes-1024x683.jpg"},{"@type":"BreadcrumbList","@id":"https:\/\/franciscopoyato.com\/es\/delicatessen\/#breadcrumb","itemListElement":[{"@type":"ListItem","position":1,"name":"Portada","item":"https:\/\/franciscopoyato.com\/es\/"},{"@type":"ListItem","position":2,"name":"DELICATESSEN"}]},{"@type":"WebSite","@id":"https:\/\/franciscopoyato.com\/es\/#website","url":"https:\/\/franciscopoyato.com\/es\/","name":"Francisco Poyato","description":"pianista ","publisher":{"@id":"https:\/\/franciscopoyato.com\/es\/#organization"},"potentialAction":[{"@type":"SearchAction","target":{"@type":"EntryPoint","urlTemplate":"https:\/\/franciscopoyato.com\/es\/?s={search_term_string}"},"query-input":"required name=search_term_string"}],"inLanguage":"es"},{"@type":"Organization","@id":"https:\/\/franciscopoyato.com\/es\/#organization","name":"Francisco Poyato","url":"https:\/\/franciscopoyato.com\/es\/","logo":{"@type":"ImageObject","inLanguage":"es","@id":"https:\/\/franciscopoyato.com\/es\/#\/schema\/logo\/image\/","url":"https:\/\/franciscopoyato.com\/wp-content\/uploads\/2023\/11\/cropped-Foto-definitiva.-Sobre-mi-scaled-1.jpg","contentUrl":"https:\/\/franciscopoyato.com\/wp-content\/uploads\/2023\/11\/cropped-Foto-definitiva.-Sobre-mi-scaled-1.jpg","width":1438,"height":1274,"caption":"Francisco Poyato "},"image":{"@id":"https:\/\/franciscopoyato.com\/es\/#\/schema\/logo\/image\/"}}]}},"_links":{"self":[{"href":"https:\/\/franciscopoyato.com\/es\/wp-json\/wp\/v2\/pages\/2342"}],"collection":[{"href":"https:\/\/franciscopoyato.com\/es\/wp-json\/wp\/v2\/pages"}],"about":[{"href":"https:\/\/franciscopoyato.com\/es\/wp-json\/wp\/v2\/types\/page"}],"author":[{"embeddable":true,"href":"https:\/\/franciscopoyato.com\/es\/wp-json\/wp\/v2\/users\/1"}],"replies":[{"embeddable":true,"href":"https:\/\/franciscopoyato.com\/es\/wp-json\/wp\/v2\/comments?post=2342"}],"version-history":[{"count":55,"href":"https:\/\/franciscopoyato.com\/es\/wp-json\/wp\/v2\/pages\/2342\/revisions"}],"predecessor-version":[{"id":3518,"href":"https:\/\/franciscopoyato.com\/es\/wp-json\/wp\/v2\/pages\/2342\/revisions\/3518"}],"wp:attachment":[{"href":"https:\/\/franciscopoyato.com\/es\/wp-json\/wp\/v2\/media?parent=2342"}],"curies":[{"name":"wp","href":"https:\/\/api.w.org\/{rel}","templated":true}]}}