{"id":2332,"date":"2023-11-13T11:10:30","date_gmt":"2023-11-13T11:10:30","guid":{"rendered":"https:\/\/franciscopoyato.com\/?page_id=2332"},"modified":"2023-11-28T09:00:19","modified_gmt":"2023-11-28T09:00:19","slug":"anima-mundi","status":"publish","type":"page","link":"https:\/\/franciscopoyato.com\/es\/anima-mundi\/","title":{"rendered":"ANIMA MUNDI"},"content":{"rendered":"\t\t<div data-elementor-type=\"wp-page\" data-elementor-id=\"2332\" class=\"elementor elementor-2332\" data-elementor-post-type=\"page\">\n\t\t\t\t<div class=\"elementor-element elementor-element-82eeae7 e-flex e-con-boxed e-con e-parent\" data-id=\"82eeae7\" data-element_type=\"container\">\n\t\t\t\t\t<div class=\"e-con-inner\">\n\t\t<div class=\"elementor-element elementor-element-6ce985d e-con-full e-flex e-con e-child\" data-id=\"6ce985d\" data-element_type=\"container\">\n\t\t<div class=\"elementor-element elementor-element-9ce8165 e-con-full e-flex e-con e-child\" data-id=\"9ce8165\" data-element_type=\"container\">\n\t\t\t\t<div class=\"elementor-element elementor-element-5542868 elementor-widget elementor-widget-image\" data-id=\"5542868\" data-element_type=\"widget\" data-widget_type=\"image.default\">\n\t\t\t\t<div class=\"elementor-widget-container\">\n\t\t\t<style>\/*! elementor - v3.22.0 - 26-06-2024 *\/\n.elementor-widget-image{text-align:center}.elementor-widget-image a{display:inline-block}.elementor-widget-image a img[src$=\".svg\"]{width:48px}.elementor-widget-image img{vertical-align:middle;display:inline-block}<\/style>\t\t\t\t\t\t\t\t\t\t<img fetchpriority=\"high\" decoding=\"async\" width=\"800\" height=\"534\" src=\"https:\/\/franciscopoyato.com\/wp-content\/uploads\/2023\/11\/HIGH_FRANCISCO-ELENA_TXUS-GARCIA_IMG21241_02-1024x683.jpg\" class=\"attachment-large size-large wp-image-3522\" alt=\"Francisco poyato con elena Txus sonriendo\" srcset=\"https:\/\/franciscopoyato.com\/wp-content\/uploads\/2023\/11\/HIGH_FRANCISCO-ELENA_TXUS-GARCIA_IMG21241_02-1024x683.jpg 1024w, https:\/\/franciscopoyato.com\/wp-content\/uploads\/2023\/11\/HIGH_FRANCISCO-ELENA_TXUS-GARCIA_IMG21241_02-300x200.jpg 300w, https:\/\/franciscopoyato.com\/wp-content\/uploads\/2023\/11\/HIGH_FRANCISCO-ELENA_TXUS-GARCIA_IMG21241_02-768x512.jpg 768w, https:\/\/franciscopoyato.com\/wp-content\/uploads\/2023\/11\/HIGH_FRANCISCO-ELENA_TXUS-GARCIA_IMG21241_02-1536x1024.jpg 1536w, https:\/\/franciscopoyato.com\/wp-content\/uploads\/2023\/11\/HIGH_FRANCISCO-ELENA_TXUS-GARCIA_IMG21241_02-2048x1365.jpg 2048w\" sizes=\"(max-width: 800px) 100vw, 800px\" \/>\t\t\t\t\t\t\t\t\t\t\t\t\t<\/div>\n\t\t\t\t<\/div>\n\t\t\t\t<div class=\"elementor-element elementor-element-75a6bf3 elementor-widget__width-inherit elementor-widget elementor-widget-text-editor\" data-id=\"75a6bf3\" data-element_type=\"widget\" data-widget_type=\"text-editor.default\">\n\t\t\t\t<div class=\"elementor-widget-container\">\n\t\t\t<style>\/*! elementor - v3.22.0 - 26-06-2024 *\/\n.elementor-widget-text-editor.elementor-drop-cap-view-stacked .elementor-drop-cap{background-color:#69727d;color:#fff}.elementor-widget-text-editor.elementor-drop-cap-view-framed .elementor-drop-cap{color:#69727d;border:3px solid;background-color:transparent}.elementor-widget-text-editor:not(.elementor-drop-cap-view-default) .elementor-drop-cap{margin-top:8px}.elementor-widget-text-editor:not(.elementor-drop-cap-view-default) .elementor-drop-cap-letter{width:1em;height:1em}.elementor-widget-text-editor .elementor-drop-cap{float:left;text-align:center;line-height:1;font-size:50px}.elementor-widget-text-editor .elementor-drop-cap-letter{display:inline-block}<\/style>\t\t\t\t<p><span style=\"font-weight: 400;\">Elena Copons, soprano<\/span><\/p><p><span style=\"font-weight: 400;\">Francisco Poyato, piano<\/span><\/p>\t\t\t\t\t\t<\/div>\n\t\t\t\t<\/div>\n\t\t\t\t<\/div>\n\t\t<div class=\"elementor-element elementor-element-98ab135 e-con-full e-flex e-con e-child\" data-id=\"98ab135\" data-element_type=\"container\">\n\t\t\t\t<div class=\"elementor-element elementor-element-508fa8e elementor-widget__width-initial elementor-widget elementor-widget-text-editor\" data-id=\"508fa8e\" data-element_type=\"widget\" data-widget_type=\"text-editor.default\">\n\t\t\t\t<div class=\"elementor-widget-container\">\n\t\t\t\t\t\t\t<p><span style=\"font-weight: 400;\">&#8216;Porque este mundo es, de hecho, un ser vivo dotado de alma e inteligencia. Es decir, una entidad \u00fanica y tangible que contiene a su vez a todos los seres vivos del universo, los cuales por naturaleza propia est\u00e1n interconectados entre ellos&#8217;. (Plat\u00f3n, Timeo 29-30).<\/span><\/p><p><span style=\"font-weight: 400;\">Poetas y m\u00fasicos han cantado al anhelo de fusi\u00f3n y transcendencia del ser humano. Muchas canciones nacen del deseo de respuesta, religiosa o no, a la duda existencial que nos acompa\u00f1a. Anima Mundi, concepto que ya leemos en Plat\u00f3n como fuerza vital presente en el universo y subyacente en la naturaleza, presiente una relaci\u00f3n subconsciente entre el macrocosmos y el microcosmos. Entre el universo y las fuerzas que rigen al ser humano.\u00a0\u00a0<\/span><\/p><p><span style=\"font-weight: 400;\">Obras de Franz Schubert, Robert Schumann, Franz Listz, Hugo Wolf, Gustav Mahler, Gabriel Faur\u00e9, Maurice Ravel, Claude Debussy, Eduard, Toldr\u00e0, Frederic Mompou, Matilde Salvador, Kaija Saariaho i George Crumb.<\/span><\/p><p>\u00a0<\/p>\t\t\t\t\t\t<\/div>\n\t\t\t\t<\/div>\n\t\t\t\t<\/div>\n\t\t\t\t<\/div>\n\t\t\t\t\t<\/div>\n\t\t\t\t<\/div>\n\t\t<div class=\"elementor-element elementor-element-80016c9 e-flex e-con-boxed e-con e-parent\" data-id=\"80016c9\" data-element_type=\"container\">\n\t\t\t\t\t<div class=\"e-con-inner\">\n\t\t\t\t\t<\/div>\n\t\t\t\t<\/div>\n\t\t\t\t<\/div>\n\t\t","protected":false},"excerpt":{"rendered":"<p>Elena Copons, soprano Francisco Poyato, piano &#8216;Porque este mundo es, de hecho, un ser vivo dotado de alma e inteligencia. Es decir, una entidad \u00fanica y tangible que contiene a su vez a todos los seres vivos del universo, los cuales por naturaleza propia est\u00e1n interconectados entre ellos&#8217;. (Plat\u00f3n, Timeo 29-30). Poetas y m\u00fasicos han [&hellip;]<\/p>\n","protected":false},"author":1,"featured_media":0,"parent":0,"menu_order":0,"comment_status":"closed","ping_status":"closed","template":"","meta":{"footnotes":""},"yoast_head":"<!-- This site is optimized with the Yoast SEO plugin v23.0 - https:\/\/yoast.com\/wordpress\/plugins\/seo\/ -->\n<title>ANIMA MUNDI - Francisco Poyato<\/title>\n<meta name=\"robots\" content=\"index, follow, max-snippet:-1, max-image-preview:large, max-video-preview:-1\" \/>\n<link rel=\"canonical\" href=\"https:\/\/franciscopoyato.com\/es\/anima-mundi\/\" \/>\n<meta property=\"og:locale\" content=\"es_ES\" \/>\n<meta property=\"og:type\" content=\"article\" \/>\n<meta property=\"og:title\" content=\"ANIMA MUNDI - Francisco Poyato\" \/>\n<meta property=\"og:description\" content=\"Elena Copons, soprano Francisco Poyato, piano &#8216;Porque este mundo es, de hecho, un ser vivo dotado de alma e inteligencia. Es decir, una entidad \u00fanica y tangible que contiene a su vez a todos los seres vivos del universo, los cuales por naturaleza propia est\u00e1n interconectados entre ellos&#8217;. (Plat\u00f3n, Timeo 29-30). Poetas y m\u00fasicos han [&hellip;]\" \/>\n<meta property=\"og:url\" content=\"https:\/\/franciscopoyato.com\/es\/anima-mundi\/\" \/>\n<meta property=\"og:site_name\" content=\"Francisco Poyato\" \/>\n<meta property=\"article:modified_time\" content=\"2023-11-28T09:00:19+00:00\" \/>\n<meta property=\"og:image\" content=\"https:\/\/franciscopoyato.com\/wp-content\/uploads\/2023\/11\/HIGH_FRANCISCO-ELENA_TXUS-GARCIA_IMG21241_02-1024x683.jpg\" \/>\n<meta name=\"twitter:card\" content=\"summary_large_image\" \/>\n<meta name=\"twitter:label1\" content=\"Tiempo de lectura\" \/>\n\t<meta name=\"twitter:data1\" content=\"1 minuto\" \/>\n<script type=\"application\/ld+json\" class=\"yoast-schema-graph\">{\"@context\":\"https:\/\/schema.org\",\"@graph\":[{\"@type\":\"WebPage\",\"@id\":\"https:\/\/franciscopoyato.com\/es\/anima-mundi\/\",\"url\":\"https:\/\/franciscopoyato.com\/es\/anima-mundi\/\",\"name\":\"ANIMA MUNDI - Francisco Poyato\",\"isPartOf\":{\"@id\":\"https:\/\/franciscopoyato.com\/es\/#website\"},\"primaryImageOfPage\":{\"@id\":\"https:\/\/franciscopoyato.com\/es\/anima-mundi\/#primaryimage\"},\"image\":{\"@id\":\"https:\/\/franciscopoyato.com\/es\/anima-mundi\/#primaryimage\"},\"thumbnailUrl\":\"https:\/\/franciscopoyato.com\/wp-content\/uploads\/2023\/11\/HIGH_FRANCISCO-ELENA_TXUS-GARCIA_IMG21241_02-1024x683.jpg\",\"datePublished\":\"2023-11-13T11:10:30+00:00\",\"dateModified\":\"2023-11-28T09:00:19+00:00\",\"breadcrumb\":{\"@id\":\"https:\/\/franciscopoyato.com\/es\/anima-mundi\/#breadcrumb\"},\"inLanguage\":\"es\",\"potentialAction\":[{\"@type\":\"ReadAction\",\"target\":[\"https:\/\/franciscopoyato.com\/es\/anima-mundi\/\"]}]},{\"@type\":\"ImageObject\",\"inLanguage\":\"es\",\"@id\":\"https:\/\/franciscopoyato.com\/es\/anima-mundi\/#primaryimage\",\"url\":\"https:\/\/franciscopoyato.com\/wp-content\/uploads\/2023\/11\/HIGH_FRANCISCO-ELENA_TXUS-GARCIA_IMG21241_02-1024x683.jpg\",\"contentUrl\":\"https:\/\/franciscopoyato.com\/wp-content\/uploads\/2023\/11\/HIGH_FRANCISCO-ELENA_TXUS-GARCIA_IMG21241_02-1024x683.jpg\"},{\"@type\":\"BreadcrumbList\",\"@id\":\"https:\/\/franciscopoyato.com\/es\/anima-mundi\/#breadcrumb\",\"itemListElement\":[{\"@type\":\"ListItem\",\"position\":1,\"name\":\"Portada\",\"item\":\"https:\/\/franciscopoyato.com\/es\/\"},{\"@type\":\"ListItem\",\"position\":2,\"name\":\"ANIMA MUNDI\"}]},{\"@type\":\"WebSite\",\"@id\":\"https:\/\/franciscopoyato.com\/es\/#website\",\"url\":\"https:\/\/franciscopoyato.com\/es\/\",\"name\":\"Francisco Poyato\",\"description\":\"pianista \",\"publisher\":{\"@id\":\"https:\/\/franciscopoyato.com\/es\/#organization\"},\"potentialAction\":[{\"@type\":\"SearchAction\",\"target\":{\"@type\":\"EntryPoint\",\"urlTemplate\":\"https:\/\/franciscopoyato.com\/es\/?s={search_term_string}\"},\"query-input\":\"required name=search_term_string\"}],\"inLanguage\":\"es\"},{\"@type\":\"Organization\",\"@id\":\"https:\/\/franciscopoyato.com\/es\/#organization\",\"name\":\"Francisco Poyato\",\"url\":\"https:\/\/franciscopoyato.com\/es\/\",\"logo\":{\"@type\":\"ImageObject\",\"inLanguage\":\"es\",\"@id\":\"https:\/\/franciscopoyato.com\/es\/#\/schema\/logo\/image\/\",\"url\":\"https:\/\/franciscopoyato.com\/wp-content\/uploads\/2023\/11\/cropped-Foto-definitiva.-Sobre-mi-scaled-1.jpg\",\"contentUrl\":\"https:\/\/franciscopoyato.com\/wp-content\/uploads\/2023\/11\/cropped-Foto-definitiva.-Sobre-mi-scaled-1.jpg\",\"width\":1438,\"height\":1274,\"caption\":\"Francisco Poyato \"},\"image\":{\"@id\":\"https:\/\/franciscopoyato.com\/es\/#\/schema\/logo\/image\/\"}}]}<\/script>\n<!-- \/ Yoast SEO plugin. -->","yoast_head_json":{"title":"ANIMA MUNDI - Francisco Poyato","robots":{"index":"index","follow":"follow","max-snippet":"max-snippet:-1","max-image-preview":"max-image-preview:large","max-video-preview":"max-video-preview:-1"},"canonical":"https:\/\/franciscopoyato.com\/es\/anima-mundi\/","og_locale":"es_ES","og_type":"article","og_title":"ANIMA MUNDI - Francisco Poyato","og_description":"Elena Copons, soprano Francisco Poyato, piano &#8216;Porque este mundo es, de hecho, un ser vivo dotado de alma e inteligencia. Es decir, una entidad \u00fanica y tangible que contiene a su vez a todos los seres vivos del universo, los cuales por naturaleza propia est\u00e1n interconectados entre ellos&#8217;. (Plat\u00f3n, Timeo 29-30). Poetas y m\u00fasicos han [&hellip;]","og_url":"https:\/\/franciscopoyato.com\/es\/anima-mundi\/","og_site_name":"Francisco Poyato","article_modified_time":"2023-11-28T09:00:19+00:00","og_image":[{"url":"https:\/\/franciscopoyato.com\/wp-content\/uploads\/2023\/11\/HIGH_FRANCISCO-ELENA_TXUS-GARCIA_IMG21241_02-1024x683.jpg"}],"twitter_card":"summary_large_image","twitter_misc":{"Tiempo de lectura":"1 minuto"},"schema":{"@context":"https:\/\/schema.org","@graph":[{"@type":"WebPage","@id":"https:\/\/franciscopoyato.com\/es\/anima-mundi\/","url":"https:\/\/franciscopoyato.com\/es\/anima-mundi\/","name":"ANIMA MUNDI - Francisco Poyato","isPartOf":{"@id":"https:\/\/franciscopoyato.com\/es\/#website"},"primaryImageOfPage":{"@id":"https:\/\/franciscopoyato.com\/es\/anima-mundi\/#primaryimage"},"image":{"@id":"https:\/\/franciscopoyato.com\/es\/anima-mundi\/#primaryimage"},"thumbnailUrl":"https:\/\/franciscopoyato.com\/wp-content\/uploads\/2023\/11\/HIGH_FRANCISCO-ELENA_TXUS-GARCIA_IMG21241_02-1024x683.jpg","datePublished":"2023-11-13T11:10:30+00:00","dateModified":"2023-11-28T09:00:19+00:00","breadcrumb":{"@id":"https:\/\/franciscopoyato.com\/es\/anima-mundi\/#breadcrumb"},"inLanguage":"es","potentialAction":[{"@type":"ReadAction","target":["https:\/\/franciscopoyato.com\/es\/anima-mundi\/"]}]},{"@type":"ImageObject","inLanguage":"es","@id":"https:\/\/franciscopoyato.com\/es\/anima-mundi\/#primaryimage","url":"https:\/\/franciscopoyato.com\/wp-content\/uploads\/2023\/11\/HIGH_FRANCISCO-ELENA_TXUS-GARCIA_IMG21241_02-1024x683.jpg","contentUrl":"https:\/\/franciscopoyato.com\/wp-content\/uploads\/2023\/11\/HIGH_FRANCISCO-ELENA_TXUS-GARCIA_IMG21241_02-1024x683.jpg"},{"@type":"BreadcrumbList","@id":"https:\/\/franciscopoyato.com\/es\/anima-mundi\/#breadcrumb","itemListElement":[{"@type":"ListItem","position":1,"name":"Portada","item":"https:\/\/franciscopoyato.com\/es\/"},{"@type":"ListItem","position":2,"name":"ANIMA MUNDI"}]},{"@type":"WebSite","@id":"https:\/\/franciscopoyato.com\/es\/#website","url":"https:\/\/franciscopoyato.com\/es\/","name":"Francisco Poyato","description":"pianista ","publisher":{"@id":"https:\/\/franciscopoyato.com\/es\/#organization"},"potentialAction":[{"@type":"SearchAction","target":{"@type":"EntryPoint","urlTemplate":"https:\/\/franciscopoyato.com\/es\/?s={search_term_string}"},"query-input":"required name=search_term_string"}],"inLanguage":"es"},{"@type":"Organization","@id":"https:\/\/franciscopoyato.com\/es\/#organization","name":"Francisco Poyato","url":"https:\/\/franciscopoyato.com\/es\/","logo":{"@type":"ImageObject","inLanguage":"es","@id":"https:\/\/franciscopoyato.com\/es\/#\/schema\/logo\/image\/","url":"https:\/\/franciscopoyato.com\/wp-content\/uploads\/2023\/11\/cropped-Foto-definitiva.-Sobre-mi-scaled-1.jpg","contentUrl":"https:\/\/franciscopoyato.com\/wp-content\/uploads\/2023\/11\/cropped-Foto-definitiva.-Sobre-mi-scaled-1.jpg","width":1438,"height":1274,"caption":"Francisco Poyato "},"image":{"@id":"https:\/\/franciscopoyato.com\/es\/#\/schema\/logo\/image\/"}}]}},"_links":{"self":[{"href":"https:\/\/franciscopoyato.com\/es\/wp-json\/wp\/v2\/pages\/2332"}],"collection":[{"href":"https:\/\/franciscopoyato.com\/es\/wp-json\/wp\/v2\/pages"}],"about":[{"href":"https:\/\/franciscopoyato.com\/es\/wp-json\/wp\/v2\/types\/page"}],"author":[{"embeddable":true,"href":"https:\/\/franciscopoyato.com\/es\/wp-json\/wp\/v2\/users\/1"}],"replies":[{"embeddable":true,"href":"https:\/\/franciscopoyato.com\/es\/wp-json\/wp\/v2\/comments?post=2332"}],"version-history":[{"count":61,"href":"https:\/\/franciscopoyato.com\/es\/wp-json\/wp\/v2\/pages\/2332\/revisions"}],"predecessor-version":[{"id":3525,"href":"https:\/\/franciscopoyato.com\/es\/wp-json\/wp\/v2\/pages\/2332\/revisions\/3525"}],"wp:attachment":[{"href":"https:\/\/franciscopoyato.com\/es\/wp-json\/wp\/v2\/media?parent=2332"}],"curies":[{"name":"wp","href":"https:\/\/api.w.org\/{rel}","templated":true}]}}