{"id":4551,"date":"2023-09-26T11:07:33","date_gmt":"2023-09-26T11:07:33","guid":{"rendered":"https:\/\/franciscopoyato.com\/about-me\/"},"modified":"2026-04-07T21:12:34","modified_gmt":"2026-04-07T21:12:34","slug":"about-me","status":"publish","type":"page","link":"https:\/\/franciscopoyato.com\/en\/about-me\/","title":{"rendered":"About me"},"content":{"rendered":"\t\t<div data-elementor-type=\"wp-page\" data-elementor-id=\"4551\" class=\"elementor elementor-4551 elementor-626\" data-elementor-post-type=\"page\">\n\t\t\t\t<div class=\"elementor-element elementor-element-7608444 e-flex e-con-boxed e-con e-parent\" data-id=\"7608444\" data-element_type=\"container\">\n\t\t\t\t\t<div class=\"e-con-inner\">\n\t\t<div class=\"elementor-element elementor-element-88d3fb4 e-con-full e-flex e-con e-child\" data-id=\"88d3fb4\" data-element_type=\"container\">\n\t\t<div class=\"elementor-element elementor-element-06c9aa3 e-con-full e-flex e-con e-child\" data-id=\"06c9aa3\" data-element_type=\"container\">\n\t\t\t\t<div class=\"elementor-element elementor-element-db4a2c8 elementor-widget__width-initial elementor-widget elementor-widget-text-editor\" data-id=\"db4a2c8\" data-element_type=\"widget\" data-widget_type=\"text-editor.default\">\n\t\t\t\t<div class=\"elementor-widget-container\">\n\t\t\t<style>\/*! elementor - v3.22.0 - 26-06-2024 *\/\n.elementor-widget-text-editor.elementor-drop-cap-view-stacked .elementor-drop-cap{background-color:#69727d;color:#fff}.elementor-widget-text-editor.elementor-drop-cap-view-framed .elementor-drop-cap{color:#69727d;border:3px solid;background-color:transparent}.elementor-widget-text-editor:not(.elementor-drop-cap-view-default) .elementor-drop-cap{margin-top:8px}.elementor-widget-text-editor:not(.elementor-drop-cap-view-default) .elementor-drop-cap-letter{width:1em;height:1em}.elementor-widget-text-editor .elementor-drop-cap{float:left;text-align:center;line-height:1;font-size:50px}.elementor-widget-text-editor .elementor-drop-cap-letter{display:inline-block}<\/style>\t\t\t\t<p><span style=\"font-weight: 400;\">When I was a child playing compositions from different eras, I remember a pleasure, like a nostalgia,<\/span> <span style=\"font-weight: 400;\">that fueled the desire not to abandon that space. Thus, without deciding it, the piano accompanied me since childhood. Playing, dreaming, and channeling emotions, it became a part of me.<\/span><\/p>\n<p><span style=\"font-weight: 400;\">Curiosity to explore other aspects of music while growing up with my instrument led me to studies in composition and orchestral conducting, as well as the practice of dance music. Playing and singing at festivities brought me closer to the popular way of understanding rhythms and playing with music.<\/span><\/p>\n<p><span style=\"font-weight: 400;\">I began working with other instrumentalists and<\/span> <span style=\"font-weight: 400;\">singers. That was magical! The music conveyed how the words felt, and the words conveyed what the music said. Hartmut H\u00f6ll and Mitsuko Shirai, my lied teachers at the Mozarteum in Salzburg, showed me what that magic consisted of. With them, I learned that a lied was the expression of an experience. Imagination, senses, emotions, energy. The body, the instrument. A song, a lived moment.<\/span><\/p>\n<p><span style=\"font-weight: 400;\">That new way of conceiving interpretation sparked concerns and desires that have since shaped my path as a performer.<\/span><\/p>\n<p><span style=\"font-weight: 400;\">The desire to delve into the relationship between music, poetry, and experience initially led me to attend masterclasses with Edith Mathis, Dietrich Fischer-Dieskau, Thomas Hampson, Paul Shillawsky, Robert Holl, Barbara Bonney, Dimitri Bashkirov, and Paul Badura-Skoda, among others. I also approached historical performance on the fortepiano to understand how this relationship was conceived in that era, with Anthony Spiri. <\/span><\/p>\n<p><span style=\"font-weight: 400;\">From the desire to bring this experience to the stage, concerts were born with Mitsuko Shirai, Ruth Ziesak, Assumpta Mateu, Xavier Sabata, N\u00faria Rial, Olatz Saitua, Elena Copons, Judith van Wanroij, Lluis Vilamaj\u00f3, Claron McFadden, Marta Math\u00e9u, Roger Padull\u00e9s. <\/span><\/p>\n\t\t\t\t\t\t<\/div>\n\t\t\t\t<\/div>\n\t\t\t\t<\/div>\n\t\t<div class=\"elementor-element elementor-element-3d24544 e-con-full e-flex e-con e-child\" data-id=\"3d24544\" data-element_type=\"container\">\n\t\t\t\t<div class=\"elementor-element elementor-element-9be17cc elementor-widget elementor-widget-image\" data-id=\"9be17cc\" data-element_type=\"widget\" data-widget_type=\"image.default\">\n\t\t\t\t<div class=\"elementor-widget-container\">\n\t\t\t<style>\/*! elementor - v3.22.0 - 26-06-2024 *\/\n.elementor-widget-image{text-align:center}.elementor-widget-image a{display:inline-block}.elementor-widget-image a img[src$=\".svg\"]{width:48px}.elementor-widget-image img{vertical-align:middle;display:inline-block}<\/style>\t\t\t\t\t\t\t\t\t\t<img fetchpriority=\"high\" decoding=\"async\" width=\"800\" height=\"800\" src=\"https:\/\/franciscopoyato.com\/wp-content\/uploads\/2023\/11\/Foto-definitiva.-Sobre-mi-1024x1024.jpg\" class=\"attachment-large size-large wp-image-2216\" alt=\"retrato Francisco Poyato\" srcset=\"https:\/\/franciscopoyato.com\/wp-content\/uploads\/2023\/11\/Foto-definitiva.-Sobre-mi-1024x1024.jpg 1024w, https:\/\/franciscopoyato.com\/wp-content\/uploads\/2023\/11\/Foto-definitiva.-Sobre-mi-300x300.jpg 300w, https:\/\/franciscopoyato.com\/wp-content\/uploads\/2023\/11\/Foto-definitiva.-Sobre-mi-150x150.jpg 150w, https:\/\/franciscopoyato.com\/wp-content\/uploads\/2023\/11\/Foto-definitiva.-Sobre-mi-768x768.jpg 768w, https:\/\/franciscopoyato.com\/wp-content\/uploads\/2023\/11\/Foto-definitiva.-Sobre-mi-1536x1536.jpg 1536w, https:\/\/franciscopoyato.com\/wp-content\/uploads\/2023\/11\/Foto-definitiva.-Sobre-mi-2048x2048.jpg 2048w\" sizes=\"(max-width: 800px) 100vw, 800px\" \/>\t\t\t\t\t\t\t\t\t\t\t\t\t<\/div>\n\t\t\t\t<\/div>\n\t\t\t\t<\/div>\n\t\t\t\t<\/div>\n\t\t<div class=\"elementor-element elementor-element-8c256ba e-con-full e-flex e-con e-child\" data-id=\"8c256ba\" data-element_type=\"container\">\n\t\t\t\t<div class=\"elementor-element elementor-element-e4759de elementor-widget__width-initial elementor-widget elementor-widget-text-editor\" data-id=\"e4759de\" data-element_type=\"widget\" data-widget_type=\"text-editor.default\">\n\t\t\t\t<div class=\"elementor-widget-container\">\n\t\t\t\t\t\t\t<p><span style=\"font-weight: 400;\">In addition to the projects that continue to be born incessantly, thanks to the programs of the Festival Life Victoria de Barcelona, Schubert\u00edada de Vilabertran, Festival Musika-M\u00fasica de Bilbao, Palau de la M\u00fasica de Barcelona, L&#8217;Auditori de Barcelona, Fundaci\u00f3n Gulbenkian de Lisboa, to name a few within the peninsula. <\/span><\/p>\n<p><span style=\"font-weight: 400;\">The desire to share this passion with students led me to teach at the Mozarteum University in Salzburg between 1994 and 2001. From Salzburg I returned to Barcelona in 2001, coinciding with the creation of the Escola Superior de M\u00fasica de Catalunya<\/span> <span style=\"font-weight: 400;\">(Esmuc), from where I can share this passion with young people<\/span><span style=\"font-weight: 400;\">,<\/span><span style=\"font-weight: 400;\"> as a teacher of lied and chamber music. In this center I have had the opportunity to promote the creation of the Victoria de los \u00c1ngeles master of lied for singers and pianists, unique in Spain. I also have the pleasure of teaching masterclasses in different European centres, such as the Hans Eisler University in Berlin or the Musikhochschule in Karlsruhe.<\/span><\/p>\n<p><span style=\"font-weight: 400;\">The impulse to show the public a personal closeness to certain composers and performers led me to record the complete songs of Eduard Toldr\u00e0, with Assumpta Mateu and Lluis Vilamaj\u00f3, for Columna M\u00fasica; &#8216;die Winterreise<\/span><span style=\"font-weight: 400;\">\u2019 <\/span><span style=\"font-weight: 400;\">by Franz Schubert with Xavier Sabata, for Berlin Classics,<\/span> <span style=\"font-weight: 400;\">as well as the revision of this same work in a scenic key, based on the staging by Rafa Villalobos; the complete songs by Juli Garreta, with Roger Padull\u00e9s, for Ficta; and Robert Gerhard&#8217;s popular songs, with Maria Hinojosa, for Seed Music.<\/span><\/p>\n<p><span style=\"font-weight: 400;\">At the moment I am attracted by unusual repertoires and formations. I am also interested in promoting artistic proposals focused beyond aesthetic enjoyment, which question our condition as human beings.<\/span><\/p>\n\t\t\t\t\t\t<\/div>\n\t\t\t\t<\/div>\n\t\t\t\t<\/div>\n\t\t\t\t\t<\/div>\n\t\t\t\t<\/div>\n\t\t<div class=\"elementor-element elementor-element-afe5a04 e-flex e-con-boxed e-con e-parent\" data-id=\"afe5a04\" data-element_type=\"container\">\n\t\t\t\t\t<div class=\"e-con-inner\">\n\t\t\t\t<div class=\"elementor-element elementor-element-1f8dfa4 elementor-align-center elementor-widget elementor-widget-button\" data-id=\"1f8dfa4\" data-element_type=\"widget\" data-widget_type=\"button.default\">\n\t\t\t\t<div class=\"elementor-widget-container\">\n\t\t\t\t\t<div class=\"elementor-button-wrapper\">\n\t\t\t<a class=\"elementor-button elementor-button-link elementor-size-sm\" href=\"https:\/\/franciscopoyato.com\/wp-content\/uploads\/2024\/02\/Francisco-Poyato.pdf\" target=\"_blank\" download=\"Francisco-Poyato.pdf\">\n\t\t\t\t\t\t<span class=\"elementor-button-content-wrapper\">\n\t\t\t\t\t\t\t\t\t<span class=\"elementor-button-text\">download biography<\/span>\n\t\t\t\t\t<\/span>\n\t\t\t\t\t<\/a>\n\t\t<\/div>\n\t\t\t\t<\/div>\n\t\t\t\t<\/div>\n\t\t\t\t<div class=\"elementor-element elementor-element-fc937b0 elementor-align-center elementor-widget elementor-widget-button\" data-id=\"fc937b0\" data-element_type=\"widget\" data-widget_type=\"button.default\">\n\t\t\t\t<div class=\"elementor-widget-container\">\n\t\t\t\t\t<div class=\"elementor-button-wrapper\">\n\t\t\t<a class=\"elementor-button elementor-button-link elementor-size-sm\" href=\"https:\/\/franciscopoyato.com\/wp-content\/uploads\/2023\/11\/Francisco-Poyato-1.jpg\" target=\"_blank\" download=\"Francisco-Poyato-1.jpg\">\n\t\t\t\t\t\t<span class=\"elementor-button-content-wrapper\">\n\t\t\t\t\t\t\t\t\t<span class=\"elementor-button-text\">download photos <\/span>\n\t\t\t\t\t<\/span>\n\t\t\t\t\t<\/a>\n\t\t<\/div>\n\t\t\t\t<\/div>\n\t\t\t\t<\/div>\n\t\t\t\t<div class=\"elementor-element elementor-element-3de8621 elementor-align-center elementor-widget elementor-widget-button\" data-id=\"3de8621\" data-element_type=\"widget\" data-widget_type=\"button.default\">\n\t\t\t\t<div class=\"elementor-widget-container\">\n\t\t\t\t\t<div class=\"elementor-button-wrapper\">\n\t\t\t<a class=\"elementor-button elementor-button-link elementor-size-sm\" href=\"https:\/\/franciscopoyato.com\/wp-content\/uploads\/2023\/11\/Francisco-Poyato-2.jpg\" target=\"_blank\" download=\"Francisco-Poyato-2.jpg\">\n\t\t\t\t\t\t<span class=\"elementor-button-content-wrapper\">\n\t\t\t\t\t\t\t\t\t<span class=\"elementor-button-text\">download photos <\/span>\n\t\t\t\t\t<\/span>\n\t\t\t\t\t<\/a>\n\t\t<\/div>\n\t\t\t\t<\/div>\n\t\t\t\t<\/div>\n\t\t\t\t\t<\/div>\n\t\t\t\t<\/div>\n\t\t\t\t<\/div>\n\t\t","protected":false},"excerpt":{"rendered":"<p>When I was a child playing compositions from different eras, I remember a pleasure, like a nostalgia, that fueled the desire not to abandon that space. Thus, without deciding it, the piano accompanied me since childhood. Playing, dreaming, and channeling emotions, it became a part of me. Curiosity to explore other aspects of music while [&hellip;]<\/p>\n","protected":false},"author":1,"featured_media":0,"parent":0,"menu_order":0,"comment_status":"closed","ping_status":"closed","template":"","meta":{"footnotes":""},"yoast_head":"<!-- This site is optimized with the Yoast SEO plugin v23.0 - https:\/\/yoast.com\/wordpress\/plugins\/seo\/ -->\n<title>About me - Francisco Poyato<\/title>\n<meta name=\"description\" content=\"About me, music has been my life: from exploring classics to collaborating with great performers, I find in every note the essence of human emotions and experiences.\" \/>\n<meta name=\"robots\" content=\"index, follow, max-snippet:-1, max-image-preview:large, max-video-preview:-1\" \/>\n<link rel=\"canonical\" href=\"https:\/\/franciscopoyato.com\/en\/about-me\/\" \/>\n<meta property=\"og:locale\" content=\"en_US\" \/>\n<meta property=\"og:type\" content=\"article\" \/>\n<meta property=\"og:title\" content=\"About me - Francisco Poyato\" \/>\n<meta property=\"og:description\" content=\"About me, music has been my life: from exploring classics to collaborating with great performers, I find in every note the essence of human emotions and experiences.\" \/>\n<meta property=\"og:url\" content=\"https:\/\/franciscopoyato.com\/en\/about-me\/\" \/>\n<meta property=\"og:site_name\" content=\"Francisco Poyato\" \/>\n<meta property=\"article:modified_time\" content=\"2026-04-07T21:12:34+00:00\" \/>\n<meta property=\"og:image\" content=\"https:\/\/franciscopoyato.com\/wp-content\/uploads\/2023\/11\/Foto-definitiva.-Sobre-mi-1024x1024.jpg\" \/>\n<meta name=\"twitter:card\" content=\"summary_large_image\" \/>\n<meta name=\"twitter:label1\" content=\"Est. reading time\" \/>\n\t<meta name=\"twitter:data1\" content=\"3 minutes\" \/>\n<script type=\"application\/ld+json\" class=\"yoast-schema-graph\">{\"@context\":\"https:\/\/schema.org\",\"@graph\":[{\"@type\":\"WebPage\",\"@id\":\"https:\/\/franciscopoyato.com\/en\/about-me\/\",\"url\":\"https:\/\/franciscopoyato.com\/en\/about-me\/\",\"name\":\"About me - Francisco Poyato\",\"isPartOf\":{\"@id\":\"https:\/\/franciscopoyato.com\/en\/#website\"},\"primaryImageOfPage\":{\"@id\":\"https:\/\/franciscopoyato.com\/en\/about-me\/#primaryimage\"},\"image\":{\"@id\":\"https:\/\/franciscopoyato.com\/en\/about-me\/#primaryimage\"},\"thumbnailUrl\":\"https:\/\/franciscopoyato.com\/wp-content\/uploads\/2023\/11\/Foto-definitiva.-Sobre-mi-1024x1024.jpg\",\"datePublished\":\"2023-09-26T11:07:33+00:00\",\"dateModified\":\"2026-04-07T21:12:34+00:00\",\"description\":\"About me, music has been my life: from exploring classics to collaborating with great performers, I find in every note the essence of human emotions and experiences.\",\"breadcrumb\":{\"@id\":\"https:\/\/franciscopoyato.com\/en\/about-me\/#breadcrumb\"},\"inLanguage\":\"en-US\",\"potentialAction\":[{\"@type\":\"ReadAction\",\"target\":[\"https:\/\/franciscopoyato.com\/en\/about-me\/\"]}]},{\"@type\":\"ImageObject\",\"inLanguage\":\"en-US\",\"@id\":\"https:\/\/franciscopoyato.com\/en\/about-me\/#primaryimage\",\"url\":\"https:\/\/franciscopoyato.com\/wp-content\/uploads\/2023\/11\/Foto-definitiva.-Sobre-mi-1024x1024.jpg\",\"contentUrl\":\"https:\/\/franciscopoyato.com\/wp-content\/uploads\/2023\/11\/Foto-definitiva.-Sobre-mi-1024x1024.jpg\"},{\"@type\":\"BreadcrumbList\",\"@id\":\"https:\/\/franciscopoyato.com\/en\/about-me\/#breadcrumb\",\"itemListElement\":[{\"@type\":\"ListItem\",\"position\":1,\"name\":\"Portada\",\"item\":\"https:\/\/franciscopoyato.com\/en\/\"},{\"@type\":\"ListItem\",\"position\":2,\"name\":\"About me\"}]},{\"@type\":\"WebSite\",\"@id\":\"https:\/\/franciscopoyato.com\/en\/#website\",\"url\":\"https:\/\/franciscopoyato.com\/en\/\",\"name\":\"Francisco Poyato\",\"description\":\"pianista \",\"publisher\":{\"@id\":\"https:\/\/franciscopoyato.com\/en\/#organization\"},\"potentialAction\":[{\"@type\":\"SearchAction\",\"target\":{\"@type\":\"EntryPoint\",\"urlTemplate\":\"https:\/\/franciscopoyato.com\/en\/?s={search_term_string}\"},\"query-input\":\"required name=search_term_string\"}],\"inLanguage\":\"en-US\"},{\"@type\":\"Organization\",\"@id\":\"https:\/\/franciscopoyato.com\/en\/#organization\",\"name\":\"Francisco Poyato\",\"url\":\"https:\/\/franciscopoyato.com\/en\/\",\"logo\":{\"@type\":\"ImageObject\",\"inLanguage\":\"en-US\",\"@id\":\"https:\/\/franciscopoyato.com\/en\/#\/schema\/logo\/image\/\",\"url\":\"https:\/\/franciscopoyato.com\/wp-content\/uploads\/2023\/11\/cropped-Foto-definitiva.-Sobre-mi-scaled-1.jpg\",\"contentUrl\":\"https:\/\/franciscopoyato.com\/wp-content\/uploads\/2023\/11\/cropped-Foto-definitiva.-Sobre-mi-scaled-1.jpg\",\"width\":1438,\"height\":1274,\"caption\":\"Francisco Poyato \"},\"image\":{\"@id\":\"https:\/\/franciscopoyato.com\/en\/#\/schema\/logo\/image\/\"}}]}<\/script>\n<!-- \/ Yoast SEO plugin. -->","yoast_head_json":{"title":"About me - Francisco Poyato","description":"About me, music has been my life: from exploring classics to collaborating with great performers, I find in every note the essence of human emotions and experiences.","robots":{"index":"index","follow":"follow","max-snippet":"max-snippet:-1","max-image-preview":"max-image-preview:large","max-video-preview":"max-video-preview:-1"},"canonical":"https:\/\/franciscopoyato.com\/en\/about-me\/","og_locale":"en_US","og_type":"article","og_title":"About me - Francisco Poyato","og_description":"About me, music has been my life: from exploring classics to collaborating with great performers, I find in every note the essence of human emotions and experiences.","og_url":"https:\/\/franciscopoyato.com\/en\/about-me\/","og_site_name":"Francisco Poyato","article_modified_time":"2026-04-07T21:12:34+00:00","og_image":[{"url":"https:\/\/franciscopoyato.com\/wp-content\/uploads\/2023\/11\/Foto-definitiva.-Sobre-mi-1024x1024.jpg"}],"twitter_card":"summary_large_image","twitter_misc":{"Est. reading time":"3 minutes"},"schema":{"@context":"https:\/\/schema.org","@graph":[{"@type":"WebPage","@id":"https:\/\/franciscopoyato.com\/en\/about-me\/","url":"https:\/\/franciscopoyato.com\/en\/about-me\/","name":"About me - Francisco Poyato","isPartOf":{"@id":"https:\/\/franciscopoyato.com\/en\/#website"},"primaryImageOfPage":{"@id":"https:\/\/franciscopoyato.com\/en\/about-me\/#primaryimage"},"image":{"@id":"https:\/\/franciscopoyato.com\/en\/about-me\/#primaryimage"},"thumbnailUrl":"https:\/\/franciscopoyato.com\/wp-content\/uploads\/2023\/11\/Foto-definitiva.-Sobre-mi-1024x1024.jpg","datePublished":"2023-09-26T11:07:33+00:00","dateModified":"2026-04-07T21:12:34+00:00","description":"About me, music has been my life: from exploring classics to collaborating with great performers, I find in every note the essence of human emotions and experiences.","breadcrumb":{"@id":"https:\/\/franciscopoyato.com\/en\/about-me\/#breadcrumb"},"inLanguage":"en-US","potentialAction":[{"@type":"ReadAction","target":["https:\/\/franciscopoyato.com\/en\/about-me\/"]}]},{"@type":"ImageObject","inLanguage":"en-US","@id":"https:\/\/franciscopoyato.com\/en\/about-me\/#primaryimage","url":"https:\/\/franciscopoyato.com\/wp-content\/uploads\/2023\/11\/Foto-definitiva.-Sobre-mi-1024x1024.jpg","contentUrl":"https:\/\/franciscopoyato.com\/wp-content\/uploads\/2023\/11\/Foto-definitiva.-Sobre-mi-1024x1024.jpg"},{"@type":"BreadcrumbList","@id":"https:\/\/franciscopoyato.com\/en\/about-me\/#breadcrumb","itemListElement":[{"@type":"ListItem","position":1,"name":"Portada","item":"https:\/\/franciscopoyato.com\/en\/"},{"@type":"ListItem","position":2,"name":"About me"}]},{"@type":"WebSite","@id":"https:\/\/franciscopoyato.com\/en\/#website","url":"https:\/\/franciscopoyato.com\/en\/","name":"Francisco Poyato","description":"pianista ","publisher":{"@id":"https:\/\/franciscopoyato.com\/en\/#organization"},"potentialAction":[{"@type":"SearchAction","target":{"@type":"EntryPoint","urlTemplate":"https:\/\/franciscopoyato.com\/en\/?s={search_term_string}"},"query-input":"required name=search_term_string"}],"inLanguage":"en-US"},{"@type":"Organization","@id":"https:\/\/franciscopoyato.com\/en\/#organization","name":"Francisco Poyato","url":"https:\/\/franciscopoyato.com\/en\/","logo":{"@type":"ImageObject","inLanguage":"en-US","@id":"https:\/\/franciscopoyato.com\/en\/#\/schema\/logo\/image\/","url":"https:\/\/franciscopoyato.com\/wp-content\/uploads\/2023\/11\/cropped-Foto-definitiva.-Sobre-mi-scaled-1.jpg","contentUrl":"https:\/\/franciscopoyato.com\/wp-content\/uploads\/2023\/11\/cropped-Foto-definitiva.-Sobre-mi-scaled-1.jpg","width":1438,"height":1274,"caption":"Francisco Poyato "},"image":{"@id":"https:\/\/franciscopoyato.com\/en\/#\/schema\/logo\/image\/"}}]}},"_links":{"self":[{"href":"https:\/\/franciscopoyato.com\/en\/wp-json\/wp\/v2\/pages\/4551"}],"collection":[{"href":"https:\/\/franciscopoyato.com\/en\/wp-json\/wp\/v2\/pages"}],"about":[{"href":"https:\/\/franciscopoyato.com\/en\/wp-json\/wp\/v2\/types\/page"}],"author":[{"embeddable":true,"href":"https:\/\/franciscopoyato.com\/en\/wp-json\/wp\/v2\/users\/1"}],"replies":[{"embeddable":true,"href":"https:\/\/franciscopoyato.com\/en\/wp-json\/wp\/v2\/comments?post=4551"}],"version-history":[{"count":6,"href":"https:\/\/franciscopoyato.com\/en\/wp-json\/wp\/v2\/pages\/4551\/revisions"}],"predecessor-version":[{"id":5039,"href":"https:\/\/franciscopoyato.com\/en\/wp-json\/wp\/v2\/pages\/4551\/revisions\/5039"}],"wp:attachment":[{"href":"https:\/\/franciscopoyato.com\/en\/wp-json\/wp\/v2\/media?parent=4551"}],"curies":[{"name":"wp","href":"https:\/\/api.w.org\/{rel}","templated":true}]}}