{"id":4527,"date":"2023-11-13T11:17:27","date_gmt":"2023-11-13T11:17:27","guid":{"rendered":"https:\/\/franciscopoyato.com\/delikatessen\/"},"modified":"2024-03-14T10:35:54","modified_gmt":"2024-03-14T10:35:54","slug":"delikatessen","status":"publish","type":"page","link":"https:\/\/franciscopoyato.com\/en\/delikatessen\/","title":{"rendered":"DELIKATESSEN"},"content":{"rendered":"\t\t<div data-elementor-type=\"wp-page\" data-elementor-id=\"4527\" class=\"elementor elementor-4527 elementor-2342\" data-elementor-post-type=\"page\">\n\t\t\t\t<div class=\"elementor-element elementor-element-e53b7ca e-flex e-con-boxed e-con e-parent\" data-id=\"e53b7ca\" data-element_type=\"container\">\n\t\t\t\t\t<div class=\"e-con-inner\">\n\t\t<div class=\"elementor-element elementor-element-6143071 e-con-full e-flex e-con e-child\" data-id=\"6143071\" data-element_type=\"container\">\n\t\t<div class=\"elementor-element elementor-element-cbe5c26 e-con-full e-flex e-con e-child\" data-id=\"cbe5c26\" data-element_type=\"container\">\n\t\t\t\t<div class=\"elementor-element elementor-element-6de1e46 elementor-widget__width-initial elementor-widget elementor-widget-image\" data-id=\"6de1e46\" data-element_type=\"widget\" data-widget_type=\"image.default\">\n\t\t\t\t<div class=\"elementor-widget-container\">\n\t\t\t<style>\/*! elementor - v3.22.0 - 26-06-2024 *\/\n.elementor-widget-image{text-align:center}.elementor-widget-image a{display:inline-block}.elementor-widget-image a img[src$=\".svg\"]{width:48px}.elementor-widget-image img{vertical-align:middle;display:inline-block}<\/style>\t\t\t\t\t\t\t\t\t\t<img fetchpriority=\"high\" decoding=\"async\" width=\"800\" height=\"534\" src=\"https:\/\/franciscopoyato.com\/wp-content\/uploads\/2023\/11\/Propuesta-2.-Delicatesen.-Foto-interior-interpretes-1024x683.jpg\" class=\"attachment-large size-large wp-image-3058\" alt=\"retrato interpretes propuesta Delicatesen\" srcset=\"https:\/\/franciscopoyato.com\/wp-content\/uploads\/2023\/11\/Propuesta-2.-Delicatesen.-Foto-interior-interpretes-1024x683.jpg 1024w, https:\/\/franciscopoyato.com\/wp-content\/uploads\/2023\/11\/Propuesta-2.-Delicatesen.-Foto-interior-interpretes-300x200.jpg 300w, https:\/\/franciscopoyato.com\/wp-content\/uploads\/2023\/11\/Propuesta-2.-Delicatesen.-Foto-interior-interpretes-768x512.jpg 768w, https:\/\/franciscopoyato.com\/wp-content\/uploads\/2023\/11\/Propuesta-2.-Delicatesen.-Foto-interior-interpretes-1536x1024.jpg 1536w, https:\/\/franciscopoyato.com\/wp-content\/uploads\/2023\/11\/Propuesta-2.-Delicatesen.-Foto-interior-interpretes.jpg 1800w\" sizes=\"(max-width: 800px) 100vw, 800px\" \/>\t\t\t\t\t\t\t\t\t\t\t\t\t<\/div>\n\t\t\t\t<\/div>\n\t\t\t\t<div class=\"elementor-element elementor-element-3afa675 elementor-widget__width-initial elementor-widget elementor-widget-text-editor\" data-id=\"3afa675\" data-element_type=\"widget\" data-widget_type=\"text-editor.default\">\n\t\t\t\t<div class=\"elementor-widget-container\">\n\t\t\t<style>\/*! elementor - v3.22.0 - 26-06-2024 *\/\n.elementor-widget-text-editor.elementor-drop-cap-view-stacked .elementor-drop-cap{background-color:#69727d;color:#fff}.elementor-widget-text-editor.elementor-drop-cap-view-framed .elementor-drop-cap{color:#69727d;border:3px solid;background-color:transparent}.elementor-widget-text-editor:not(.elementor-drop-cap-view-default) .elementor-drop-cap{margin-top:8px}.elementor-widget-text-editor:not(.elementor-drop-cap-view-default) .elementor-drop-cap-letter{width:1em;height:1em}.elementor-widget-text-editor .elementor-drop-cap{float:left;text-align:center;line-height:1;font-size:50px}.elementor-widget-text-editor .elementor-drop-cap-letter{display:inline-block}<\/style>\t\t\t\t<p><span style=\"font-weight: 400;\">Mercedes Gancedo, soprano<\/span><\/p>\n<p><span style=\"font-weight: 400;\">Elisabeth Franch, flauta<\/span><\/p>\n<p><span style=\"font-weight: 400;\">Oriol Prat, violoncelo<\/span><\/p>\n<p><span style=\"font-weight: 400;\">Francisco Poyato, piano<\/span><\/p>\n\t\t\t\t\t\t<\/div>\n\t\t\t\t<\/div>\n\t\t\t\t<\/div>\n\t\t<div class=\"elementor-element elementor-element-41a9901 e-con-full e-flex e-con e-child\" data-id=\"41a9901\" data-element_type=\"container\">\n\t\t\t\t<div class=\"elementor-element elementor-element-0649f90 elementor-widget__width-initial elementor-widget elementor-widget-text-editor\" data-id=\"0649f90\" data-element_type=\"widget\" data-widget_type=\"text-editor.default\">\n\t\t\t\t<div class=\"elementor-widget-container\">\n\t\t\t\t\t\t\t<p><span style=\"font-weight: 400;\">Works for voice, flute, cello, and piano.<\/span><\/p>\n<p><span style=\"font-weight: 400;\">Delicatessen is a unique ensemble with a refined and evocative timbre, where the sensuality of the relationship between flute and voice, enriched by the depth of the cello, is wrapped in the harmonic richness of the piano. <\/span><\/p>\n<p><i><span style=\"font-weight: 400;\">Songs of nature and farewell<\/span><\/i> <span style=\"font-weight: 400;\">by James F. Brown based on poems by Saint-Sa\u00ebns<\/span>, <i><span style=\"font-weight: 400;\">Perspective<\/span><\/i> <span style=\"font-weight: 400;\">by Kaija Saariaho on a poem by H\u00f6lderlin, and<\/span> <i><span style=\"font-weight: 400;\">African Nights<\/span><\/i> <span style=\"font-weight: 400;\">by Judith Weir are successors to<\/span> <i><span style=\"font-weight: 400;\">Maurice Ravel&#8217;s Songs of Madagascar.<\/span><\/i><span style=\"font-weight: 400;\"> . The modernity, minimalism, and eroticism of this piece, itself influenced <\/span><i><span style=\"font-weight: 400;\">by Schoenberg&#8217;s Pierrot lunaire,<\/span><\/i><span style=\"font-weight: 400;\"> contribute to the sophisticated essence of this program. As accompaniment to these delicacies for quartet, we have various trios from Massenet and Saint-Sa\u00ebns to Frank Martin, Andr\u00e9 Pr\u00e9vin, and a duo, <\/span><span style=\"font-weight: 400;\">Tavener&#8217;s<\/span> <i><span style=\"font-weight: 400;\">Akhmatova poems<\/span><\/i>.<\/p>\n<p><span style=\"font-weight: 400;\">Works by Ravel, Massenet, Saint-Sa\u00ebns, Brown, Weir, Martin, Tavener, Pr\u00e9vin, and Casals.<\/span><\/p>\n\t\t\t\t\t\t<\/div>\n\t\t\t\t<\/div>\n\t\t\t\t<\/div>\n\t\t\t\t<\/div>\n\t\t\t\t\t<\/div>\n\t\t\t\t<\/div>\n\t\t<div class=\"elementor-element elementor-element-905647d e-flex e-con-boxed e-con e-parent\" data-id=\"905647d\" data-element_type=\"container\">\n\t\t\t\t\t<div class=\"e-con-inner\">\n\t\t\t\t\t<\/div>\n\t\t\t\t<\/div>\n\t\t\t\t<\/div>\n\t\t","protected":false},"excerpt":{"rendered":"<p>Mercedes Gancedo, soprano Elisabeth Franch, flauta Oriol Prat, violoncelo Francisco Poyato, piano Works for voice, flute, cello, and piano. Delicatessen is a unique ensemble with a refined and evocative timbre, where the sensuality of the relationship between flute and voice, enriched by the depth of the cello, is wrapped in the harmonic richness of the [&hellip;]<\/p>\n","protected":false},"author":1,"featured_media":0,"parent":0,"menu_order":0,"comment_status":"closed","ping_status":"closed","template":"","meta":{"footnotes":""},"yoast_head":"<!-- This site is optimized with the Yoast SEO plugin v23.0 - https:\/\/yoast.com\/wordpress\/plugins\/seo\/ -->\n<title>DELIKATESSEN - Francisco Poyato<\/title>\n<meta name=\"robots\" content=\"index, follow, max-snippet:-1, max-image-preview:large, max-video-preview:-1\" \/>\n<link rel=\"canonical\" href=\"https:\/\/franciscopoyato.com\/en\/delikatessen\/\" \/>\n<meta property=\"og:locale\" content=\"en_US\" \/>\n<meta property=\"og:type\" content=\"article\" \/>\n<meta property=\"og:title\" content=\"DELIKATESSEN - Francisco Poyato\" \/>\n<meta property=\"og:description\" content=\"Mercedes Gancedo, soprano Elisabeth Franch, flauta Oriol Prat, violoncelo Francisco Poyato, piano Works for voice, flute, cello, and piano. Delicatessen is a unique ensemble with a refined and evocative timbre, where the sensuality of the relationship between flute and voice, enriched by the depth of the cello, is wrapped in the harmonic richness of the [&hellip;]\" \/>\n<meta property=\"og:url\" content=\"https:\/\/franciscopoyato.com\/en\/delikatessen\/\" \/>\n<meta property=\"og:site_name\" content=\"Francisco Poyato\" \/>\n<meta property=\"article:modified_time\" content=\"2024-03-14T10:35:54+00:00\" \/>\n<meta property=\"og:image\" content=\"https:\/\/franciscopoyato.com\/wp-content\/uploads\/2023\/11\/Propuesta-2.-Delicatesen.-Foto-interior-interpretes-1024x683.jpg\" \/>\n<meta name=\"twitter:card\" content=\"summary_large_image\" \/>\n<meta name=\"twitter:label1\" content=\"Est. reading time\" \/>\n\t<meta name=\"twitter:data1\" content=\"1 minute\" \/>\n<script type=\"application\/ld+json\" class=\"yoast-schema-graph\">{\"@context\":\"https:\/\/schema.org\",\"@graph\":[{\"@type\":\"WebPage\",\"@id\":\"https:\/\/franciscopoyato.com\/en\/delikatessen\/\",\"url\":\"https:\/\/franciscopoyato.com\/en\/delikatessen\/\",\"name\":\"DELIKATESSEN - Francisco Poyato\",\"isPartOf\":{\"@id\":\"https:\/\/franciscopoyato.com\/en\/#website\"},\"primaryImageOfPage\":{\"@id\":\"https:\/\/franciscopoyato.com\/en\/delikatessen\/#primaryimage\"},\"image\":{\"@id\":\"https:\/\/franciscopoyato.com\/en\/delikatessen\/#primaryimage\"},\"thumbnailUrl\":\"https:\/\/franciscopoyato.com\/wp-content\/uploads\/2023\/11\/Propuesta-2.-Delicatesen.-Foto-interior-interpretes-1024x683.jpg\",\"datePublished\":\"2023-11-13T11:17:27+00:00\",\"dateModified\":\"2024-03-14T10:35:54+00:00\",\"breadcrumb\":{\"@id\":\"https:\/\/franciscopoyato.com\/en\/delikatessen\/#breadcrumb\"},\"inLanguage\":\"en-US\",\"potentialAction\":[{\"@type\":\"ReadAction\",\"target\":[\"https:\/\/franciscopoyato.com\/en\/delikatessen\/\"]}]},{\"@type\":\"ImageObject\",\"inLanguage\":\"en-US\",\"@id\":\"https:\/\/franciscopoyato.com\/en\/delikatessen\/#primaryimage\",\"url\":\"https:\/\/franciscopoyato.com\/wp-content\/uploads\/2023\/11\/Propuesta-2.-Delicatesen.-Foto-interior-interpretes-1024x683.jpg\",\"contentUrl\":\"https:\/\/franciscopoyato.com\/wp-content\/uploads\/2023\/11\/Propuesta-2.-Delicatesen.-Foto-interior-interpretes-1024x683.jpg\"},{\"@type\":\"BreadcrumbList\",\"@id\":\"https:\/\/franciscopoyato.com\/en\/delikatessen\/#breadcrumb\",\"itemListElement\":[{\"@type\":\"ListItem\",\"position\":1,\"name\":\"Portada\",\"item\":\"https:\/\/franciscopoyato.com\/en\/\"},{\"@type\":\"ListItem\",\"position\":2,\"name\":\"DELIKATESSEN\"}]},{\"@type\":\"WebSite\",\"@id\":\"https:\/\/franciscopoyato.com\/en\/#website\",\"url\":\"https:\/\/franciscopoyato.com\/en\/\",\"name\":\"Francisco Poyato\",\"description\":\"pianista \",\"publisher\":{\"@id\":\"https:\/\/franciscopoyato.com\/en\/#organization\"},\"potentialAction\":[{\"@type\":\"SearchAction\",\"target\":{\"@type\":\"EntryPoint\",\"urlTemplate\":\"https:\/\/franciscopoyato.com\/en\/?s={search_term_string}\"},\"query-input\":\"required name=search_term_string\"}],\"inLanguage\":\"en-US\"},{\"@type\":\"Organization\",\"@id\":\"https:\/\/franciscopoyato.com\/en\/#organization\",\"name\":\"Francisco Poyato\",\"url\":\"https:\/\/franciscopoyato.com\/en\/\",\"logo\":{\"@type\":\"ImageObject\",\"inLanguage\":\"en-US\",\"@id\":\"https:\/\/franciscopoyato.com\/en\/#\/schema\/logo\/image\/\",\"url\":\"https:\/\/franciscopoyato.com\/wp-content\/uploads\/2023\/11\/cropped-Foto-definitiva.-Sobre-mi-scaled-1.jpg\",\"contentUrl\":\"https:\/\/franciscopoyato.com\/wp-content\/uploads\/2023\/11\/cropped-Foto-definitiva.-Sobre-mi-scaled-1.jpg\",\"width\":1438,\"height\":1274,\"caption\":\"Francisco Poyato \"},\"image\":{\"@id\":\"https:\/\/franciscopoyato.com\/en\/#\/schema\/logo\/image\/\"}}]}<\/script>\n<!-- \/ Yoast SEO plugin. -->","yoast_head_json":{"title":"DELIKATESSEN - Francisco Poyato","robots":{"index":"index","follow":"follow","max-snippet":"max-snippet:-1","max-image-preview":"max-image-preview:large","max-video-preview":"max-video-preview:-1"},"canonical":"https:\/\/franciscopoyato.com\/en\/delikatessen\/","og_locale":"en_US","og_type":"article","og_title":"DELIKATESSEN - Francisco Poyato","og_description":"Mercedes Gancedo, soprano Elisabeth Franch, flauta Oriol Prat, violoncelo Francisco Poyato, piano Works for voice, flute, cello, and piano. Delicatessen is a unique ensemble with a refined and evocative timbre, where the sensuality of the relationship between flute and voice, enriched by the depth of the cello, is wrapped in the harmonic richness of the [&hellip;]","og_url":"https:\/\/franciscopoyato.com\/en\/delikatessen\/","og_site_name":"Francisco Poyato","article_modified_time":"2024-03-14T10:35:54+00:00","og_image":[{"url":"https:\/\/franciscopoyato.com\/wp-content\/uploads\/2023\/11\/Propuesta-2.-Delicatesen.-Foto-interior-interpretes-1024x683.jpg"}],"twitter_card":"summary_large_image","twitter_misc":{"Est. reading time":"1 minute"},"schema":{"@context":"https:\/\/schema.org","@graph":[{"@type":"WebPage","@id":"https:\/\/franciscopoyato.com\/en\/delikatessen\/","url":"https:\/\/franciscopoyato.com\/en\/delikatessen\/","name":"DELIKATESSEN - Francisco Poyato","isPartOf":{"@id":"https:\/\/franciscopoyato.com\/en\/#website"},"primaryImageOfPage":{"@id":"https:\/\/franciscopoyato.com\/en\/delikatessen\/#primaryimage"},"image":{"@id":"https:\/\/franciscopoyato.com\/en\/delikatessen\/#primaryimage"},"thumbnailUrl":"https:\/\/franciscopoyato.com\/wp-content\/uploads\/2023\/11\/Propuesta-2.-Delicatesen.-Foto-interior-interpretes-1024x683.jpg","datePublished":"2023-11-13T11:17:27+00:00","dateModified":"2024-03-14T10:35:54+00:00","breadcrumb":{"@id":"https:\/\/franciscopoyato.com\/en\/delikatessen\/#breadcrumb"},"inLanguage":"en-US","potentialAction":[{"@type":"ReadAction","target":["https:\/\/franciscopoyato.com\/en\/delikatessen\/"]}]},{"@type":"ImageObject","inLanguage":"en-US","@id":"https:\/\/franciscopoyato.com\/en\/delikatessen\/#primaryimage","url":"https:\/\/franciscopoyato.com\/wp-content\/uploads\/2023\/11\/Propuesta-2.-Delicatesen.-Foto-interior-interpretes-1024x683.jpg","contentUrl":"https:\/\/franciscopoyato.com\/wp-content\/uploads\/2023\/11\/Propuesta-2.-Delicatesen.-Foto-interior-interpretes-1024x683.jpg"},{"@type":"BreadcrumbList","@id":"https:\/\/franciscopoyato.com\/en\/delikatessen\/#breadcrumb","itemListElement":[{"@type":"ListItem","position":1,"name":"Portada","item":"https:\/\/franciscopoyato.com\/en\/"},{"@type":"ListItem","position":2,"name":"DELIKATESSEN"}]},{"@type":"WebSite","@id":"https:\/\/franciscopoyato.com\/en\/#website","url":"https:\/\/franciscopoyato.com\/en\/","name":"Francisco Poyato","description":"pianista ","publisher":{"@id":"https:\/\/franciscopoyato.com\/en\/#organization"},"potentialAction":[{"@type":"SearchAction","target":{"@type":"EntryPoint","urlTemplate":"https:\/\/franciscopoyato.com\/en\/?s={search_term_string}"},"query-input":"required name=search_term_string"}],"inLanguage":"en-US"},{"@type":"Organization","@id":"https:\/\/franciscopoyato.com\/en\/#organization","name":"Francisco Poyato","url":"https:\/\/franciscopoyato.com\/en\/","logo":{"@type":"ImageObject","inLanguage":"en-US","@id":"https:\/\/franciscopoyato.com\/en\/#\/schema\/logo\/image\/","url":"https:\/\/franciscopoyato.com\/wp-content\/uploads\/2023\/11\/cropped-Foto-definitiva.-Sobre-mi-scaled-1.jpg","contentUrl":"https:\/\/franciscopoyato.com\/wp-content\/uploads\/2023\/11\/cropped-Foto-definitiva.-Sobre-mi-scaled-1.jpg","width":1438,"height":1274,"caption":"Francisco Poyato "},"image":{"@id":"https:\/\/franciscopoyato.com\/en\/#\/schema\/logo\/image\/"}}]}},"_links":{"self":[{"href":"https:\/\/franciscopoyato.com\/en\/wp-json\/wp\/v2\/pages\/4527"}],"collection":[{"href":"https:\/\/franciscopoyato.com\/en\/wp-json\/wp\/v2\/pages"}],"about":[{"href":"https:\/\/franciscopoyato.com\/en\/wp-json\/wp\/v2\/types\/page"}],"author":[{"embeddable":true,"href":"https:\/\/franciscopoyato.com\/en\/wp-json\/wp\/v2\/users\/1"}],"replies":[{"embeddable":true,"href":"https:\/\/franciscopoyato.com\/en\/wp-json\/wp\/v2\/comments?post=4527"}],"version-history":[{"count":3,"href":"https:\/\/franciscopoyato.com\/en\/wp-json\/wp\/v2\/pages\/4527\/revisions"}],"predecessor-version":[{"id":4530,"href":"https:\/\/franciscopoyato.com\/en\/wp-json\/wp\/v2\/pages\/4527\/revisions\/4530"}],"wp:attachment":[{"href":"https:\/\/franciscopoyato.com\/en\/wp-json\/wp\/v2\/media?parent=4527"}],"curies":[{"name":"wp","href":"https:\/\/api.w.org\/{rel}","templated":true}]}}